{"id":2257,"date":"2026-02-27T06:26:42","date_gmt":"2026-02-27T06:26:42","guid":{"rendered":"https:\/\/klickkauf.it.com\/nutzungsbedingungen\/"},"modified":"2026-02-27T08:19:14","modified_gmt":"2026-02-27T08:19:14","slug":"nutzungsbedingungen","status":"publish","type":"page","link":"https:\/\/klickkauf.it.com\/de\/nutzungsbedingungen\/","title":{"rendered":"Nutzungsbedingungen"},"content":{"rendered":"\t\t<div data-elementor-type=\"wp-page\" data-elementor-id=\"2257\" class=\"elementor elementor-2257 elementor-2151\">\n\t\t\t\t\t\t<section class=\"elementor-section elementor-top-section elementor-element elementor-element-d61719d elementor-section-boxed elementor-section-height-default elementor-section-height-default\" data-id=\"d61719d\" data-element_type=\"section\" data-e-type=\"section\">\n\t\t\t\t\t\t<div class=\"elementor-container elementor-column-gap-default\">\n\t\t\t\t\t<div class=\"elementor-column elementor-col-100 elementor-top-column elementor-element elementor-element-790b46e3\" data-id=\"790b46e3\" data-element_type=\"column\" data-e-type=\"column\">\n\t\t\t<div class=\"elementor-widget-wrap elementor-element-populated\">\n\t\t\t\t\t\t\t<\/div>\n\t\t<\/div>\n\t\t\t\t\t<\/div>\n\t\t<\/section>\n\t\t\t\t<section class=\"elementor-section elementor-top-section elementor-element elementor-element-c097553 elementor-section-boxed elementor-section-height-default elementor-section-height-default\" data-id=\"c097553\" data-element_type=\"section\" data-e-type=\"section\">\n\t\t\t\t\t\t<div class=\"elementor-container elementor-column-gap-default\">\n\t\t\t\t\t<div class=\"elementor-column elementor-col-100 elementor-top-column elementor-element elementor-element-740da64\" data-id=\"740da64\" data-element_type=\"column\" data-e-type=\"column\">\n\t\t\t<div class=\"elementor-widget-wrap elementor-element-populated\">\n\t\t\t\t\t\t<div class=\"elementor-element elementor-element-b0a9608 elementor-widget elementor-widget-text-editor\" data-id=\"b0a9608\" data-element_type=\"widget\" data-e-type=\"widget\" data-widget_type=\"text-editor.default\">\n\t\t\t\t<div class=\"elementor-widget-container\">\n\t\t\t\t\t\t\t\t\t<p data-start=\"2476\" data-end=\"2509\"><strong data-start=\"2476\" data-end=\"2495\">G\u00fcltig ab:<\/strong> 11. April 2025<\/p>\n<p data-start=\"2511\" data-end=\"2575\">Diese Bedingungen gelten f\u00fcr alle Bestellungen, die \u00fcber klickkauf.it.com aufgegeben werden.<\/p>\n<hr data-start=\"2577\" data-end=\"2580\">\n<h2 data-start=\"2582\" data-end=\"2606\">1. Vertragsabschluss<\/h2>\n<p data-start=\"2608\" data-end=\"2674\">Ein Kaufvertrag kommt zustande, wenn wir deine Bestellung per E-Mail best\u00e4tigen.<\/p>\n<hr data-start=\"2676\" data-end=\"2679\">\n<h2 data-start=\"2681\" data-end=\"2693\">2. Preise<\/h2>\n<p data-start=\"2695\" data-end=\"2764\">Alle Preise werden in EUR (\u20ac) angezeigt und enthalten ggf. die Mehrwertsteuer.<\/p>\n<p data-start=\"2766\" data-end=\"2813\">Wir behalten uns das Recht vor, Preisfehler zu korrigieren.<\/p>\n<hr data-start=\"2815\" data-end=\"2818\">\n<h2 data-start=\"2820\" data-end=\"2834\">3. Lieferung<\/h2>\n<p data-start=\"2836\" data-end=\"2926\">Die Lieferung ist innerhalb Deutschlands verf\u00fcgbar.<br data-start=\"2873\" data-end=\"2876\">Die voraussichtlichen Lieferzeiten werden beim Bezahlvorgang angezeigt.<\/p>\n<hr data-start=\"2928\" data-end=\"2931\">\n<h2 data-start=\"2933\" data-end=\"2946\">4. Zahlung<\/h2>\n<p data-start=\"2948\" data-end=\"2995\">Die akzeptierten Zahlungsmethoden werden beim Bezahlvorgang angezeigt.<\/p>\n<hr data-start=\"2997\" data-end=\"3000\">\n<h2 data-start=\"3002\" data-end=\"3026\">5. Eigentumsvorbehalt<\/h2>\n<p data-start=\"3028\" data-end=\"3085\">Die Ware bleibt bis zur vollst\u00e4ndigen Bezahlung unser Eigentum.<\/p>\n<hr data-start=\"3087\" data-end=\"3090\">\n<h2 data-start=\"3092\" data-end=\"3107\">6. Haftung<\/h2>\n<p data-start=\"3109\" data-end=\"3223\">Wir haften nach den gesetzlichen Bestimmungen des deutschen Rechts.<br data-start=\"3157\" data-end=\"3160\">F\u00fcr mittelbare Sch\u00e4den haften wir nicht, sofern nicht gesetzlich vorgeschrieben.<\/p>\n<hr data-start=\"3225\" data-end=\"3228\">\n<h2 data-start=\"3230\" data-end=\"3249\">7. Anwendbares Recht<\/h2>\n<p data-start=\"3251\" data-end=\"3270\">Es gilt deutsches Recht.<\/p>\t\t\t\t\t\t\t\t<\/div>\n\t\t\t\t<\/div>\n\t\t\t\t\t<\/div>\n\t\t<\/div>\n\t\t\t\t\t<\/div>\n\t\t<\/section>\n\t\t\t\t<\/div>\n\t\t","protected":false},"excerpt":{"rendered":"<p>G\u00fcltig ab: 11. April 2025 Diese Bedingungen gelten f\u00fcr alle Bestellungen, die \u00fcber klickkauf.it.com aufgegeben werden. 1. Vertragsabschluss Ein Kaufvertrag kommt zustande, wenn wir deine Bestellung per E-Mail best\u00e4tigen. 2. Preise Alle Preise werden in EUR (\u20ac) angezeigt und enthalten ggf. die Mehrwertsteuer. Wir behalten uns das Recht vor, Preisfehler zu korrigieren. 3. Lieferung Die [&hellip;]<\/p>\n","protected":false},"author":1,"featured_media":0,"parent":0,"menu_order":0,"comment_status":"closed","ping_status":"closed","template":"elementor_header_footer","meta":{"_uag_custom_page_level_css":"","site-sidebar-layout":"default","site-content-layout":"","ast-site-content-layout":"default","site-content-style":"default","site-sidebar-style":"default","ast-global-header-display":"","ast-banner-title-visibility":"","ast-main-header-display":"","ast-hfb-above-header-display":"","ast-hfb-below-header-display":"","ast-hfb-mobile-header-display":"","site-post-title":"","ast-breadcrumbs-content":"","ast-featured-img":"","footer-sml-layout":"","ast-disable-related-posts":"","theme-transparent-header-meta":"","adv-header-id-meta":"","stick-header-meta":"","header-above-stick-meta":"","header-main-stick-meta":"","header-below-stick-meta":"","astra-migrate-meta-layouts":"default","ast-page-background-enabled":"default","ast-page-background-meta":{"desktop":{"background-color":"var(--ast-global-color-4)","background-image":"","background-repeat":"repeat","background-position":"center center","background-size":"auto","background-attachment":"scroll","background-type":"","background-media":"","overlay-type":"","overlay-color":"","overlay-opacity":"","overlay-gradient":""},"tablet":{"background-color":"","background-image":"","background-repeat":"repeat","background-position":"center center","background-size":"auto","background-attachment":"scroll","background-type":"","background-media":"","overlay-type":"","overlay-color":"","overlay-opacity":"","overlay-gradient":""},"mobile":{"background-color":"","background-image":"","background-repeat":"repeat","background-position":"center center","background-size":"auto","background-attachment":"scroll","background-type":"","background-media":"","overlay-type":"","overlay-color":"","overlay-opacity":"","overlay-gradient":""}},"ast-content-background-meta":{"desktop":{"background-color":"var(--ast-global-color-5)","background-image":"","background-repeat":"repeat","background-position":"center center","background-size":"auto","background-attachment":"scroll","background-type":"","background-media":"","overlay-type":"","overlay-color":"","overlay-opacity":"","overlay-gradient":""},"tablet":{"background-color":"var(--ast-global-color-5)","background-image":"","background-repeat":"repeat","background-position":"center center","background-size":"auto","background-attachment":"scroll","background-type":"","background-media":"","overlay-type":"","overlay-color":"","overlay-opacity":"","overlay-gradient":""},"mobile":{"background-color":"var(--ast-global-color-5)","background-image":"","background-repeat":"repeat","background-position":"center center","background-size":"auto","background-attachment":"scroll","background-type":"","background-media":"","overlay-type":"","overlay-color":"","overlay-opacity":"","overlay-gradient":""}},"footnotes":""},"class_list":["post-2257","page","type-page","status-publish","hentry"],"spectra_custom_meta":{"surerank_seo_checks":["a:13:{s:14:\"h2_subheadings\";a:3:{s:6:\"status\";s:7:\"success\";s:7:\"message\";s:38:\"Page contains at least one subheading.\";s:4:\"type\";s:4:\"page\";}s:13:\"media_present\";a:3:{s:6:\"status\";s:7:\"warning\";s:7:\"message\";s:39:\"No images or videos found on this page.\";s:4:\"type\";s:4:\"page\";}s:13:\"links_present\";a:3:{s:6:\"status\";s:7:\"warning\";s:7:\"message\";s:27:\"No links found on the page.\";s:4:\"type\";s:4:\"page\";}s:10:\"url_length\";a:3:{s:6:\"status\";s:7:\"success\";s:7:\"message\";s:35:\"Page URL is short and SEO-friendly.\";s:4:\"type\";s:4:\"page\";}s:19:\"search_engine_title\";a:3:{s:6:\"status\";s:7:\"success\";s:7:\"message\";s:55:\"Search engine title is present and under 60 characters.\";s:4:\"type\";s:4:\"page\";}s:25:\"search_engine_description\";a:3:{s:6:\"status\";s:7:\"success\";s:7:\"message\";s:62:\"Search engine description is present and under 160 characters.\";s:4:\"type\";s:4:\"page\";}s:13:\"canonical_url\";a:3:{s:6:\"status\";s:7:\"success\";s:7:\"message\";s:37:\"Canonical tag is present on the page.\";s:4:\"type\";s:4:\"page\";}s:15:\"open_graph_tags\";a:3:{s:6:\"status\";s:7:\"success\";s:7:\"message\";s:40:\"Open Graph tags are present on the page.\";s:4:\"type\";s:4:\"page\";}s:16:\"keyword_in_title\";a:3:{s:6:\"status\";s:10:\"suggestion\";s:7:\"message\";s:38:\"No focus keyword set to analyze title.\";s:4:\"type\";s:7:\"keyword\";}s:22:\"keyword_in_description\";a:3:{s:6:\"status\";s:10:\"suggestion\";s:7:\"message\";s:49:\"No focus keyword set to analyze meta description.\";s:4:\"type\";s:7:\"keyword\";}s:14:\"keyword_in_url\";a:3:{s:6:\"status\";s:10:\"suggestion\";s:7:\"message\";s:36:\"No focus keyword set to analyze URL.\";s:4:\"type\";s:7:\"keyword\";}s:18:\"keyword_in_content\";a:3:{s:6:\"status\";s:10:\"suggestion\";s:7:\"message\";s:40:\"No focus keyword set to analyze content.\";s:4:\"type\";s:7:\"keyword\";}s:12:\"broken_links\";a:2:{s:6:\"status\";s:7:\"success\";s:7:\"message\";s:34:\"No broken links found on the page.\";}}"],"surerank_seo_checks_last_updated":["1772180354"],"_last_translation_edit_mode":["translation-editor"],"_elementor_edit_mode":["builder"],"_elementor_template_type":["wp-page"],"_elementor_version":["3.35.5"],"ast-main-header-display":[""],"ast-hfb-above-header-display":[""],"ast-hfb-below-header-display":[""],"ast-hfb-mobile-header-display":[""],"adv-header-id-meta":[""],"footer-sml-layout":[""],"stick-header-meta":[""],"header-main-stick-meta":[""],"header-above-stick-meta":[""],"header-below-stick-meta":[""],"site-sidebar-layout":["default"],"site-content-layout":[""],"ast-featured-img":[""],"ast-breadcrumbs-content":[""],"theme-transparent-header-meta":[""],"ast-banner-title-visibility":[""],"ast-global-header-display":[""],"ast-site-content-layout":["default"],"site-content-style":["default"],"site-sidebar-style":["default"],"_top_nav_excluded":[""],"_cms_nav_minihome":[""],"_wp_page_template":["elementor_header_footer"],"_elementor_page_settings":["a:0:{}"],"_elementor_data":["[{\"id\":\"d61719d\",\"elType\":\"section\",\"settings\":{\"display_condition_list\":[{\"display_condition_login_status\":\"subscriber\",\"_id\":\"83e1f76\"}]},\"elements\":[{\"id\":\"790b46e3\",\"elType\":\"column\",\"settings\":{\"_column_size\":100,\"display_condition_list\":[{\"display_condition_login_status\":\"subscriber\",\"_id\":\"20983e6\"}]},\"elements\":[{\"id\":\"6a3a3d4\",\"elType\":\"widget\",\"settings\":{\"editor\":\"\",\"display_condition_list\":[{\"display_condition_login_status\":\"subscriber\",\"_id\":\"66ff4c1\"}]},\"elements\":[],\"widgetType\":\"text-editor\"}],\"isInner\":false}],\"isInner\":false},{\"id\":\"c097553\",\"elType\":\"section\",\"settings\":{\"display_condition_list\":[{\"display_condition_login_status\":\"subscriber\",\"_id\":\"1970664\"}]},\"elements\":[{\"id\":\"740da64\",\"elType\":\"column\",\"settings\":{\"_column_size\":100,\"_inline_size\":null,\"display_condition_list\":[{\"display_condition_login_status\":\"subscriber\",\"_id\":\"058568b\"}]},\"elements\":[{\"id\":\"b0a9608\",\"elType\":\"widget\",\"settings\":{\"editor\":\"<p data-start=\\\"2476\\\" data-end=\\\"2509\\\"><strong data-start=\\\"2476\\\" data-end=\\\"2495\\\">G\\u00fcltig ab:<\\\/strong> 11. April 2025<\\\/p>\\n<p data-start=\\\"2511\\\" data-end=\\\"2575\\\">Diese Bedingungen gelten f\\u00fcr alle Bestellungen, die \\u00fcber klickkauf.it.com aufgegeben werden.<\\\/p>\\n<hr data-start=\\\"2577\\\" data-end=\\\"2580\\\">\\n<h2 data-start=\\\"2582\\\" data-end=\\\"2606\\\">1. Vertragsabschluss<\\\/h2>\\n<p data-start=\\\"2608\\\" data-end=\\\"2674\\\">Ein Kaufvertrag kommt zustande, wenn wir deine Bestellung per E-Mail best\\u00e4tigen.<\\\/p>\\n<hr data-start=\\\"2676\\\" data-end=\\\"2679\\\">\\n<h2 data-start=\\\"2681\\\" data-end=\\\"2693\\\">2. Preise<\\\/h2>\\n<p data-start=\\\"2695\\\" data-end=\\\"2764\\\">Alle Preise werden in EUR (\\u20ac) angezeigt und enthalten ggf. die Mehrwertsteuer.<\\\/p>\\n<p data-start=\\\"2766\\\" data-end=\\\"2813\\\">Wir behalten uns das Recht vor, Preisfehler zu korrigieren.<\\\/p>\\n<hr data-start=\\\"2815\\\" data-end=\\\"2818\\\">\\n<h2 data-start=\\\"2820\\\" data-end=\\\"2834\\\">3. Lieferung<\\\/h2>\\n<p data-start=\\\"2836\\\" data-end=\\\"2926\\\">Die Lieferung ist innerhalb Deutschlands verf\\u00fcgbar.<br data-start=\\\"2873\\\" data-end=\\\"2876\\\">Die voraussichtlichen Lieferzeiten werden beim Bezahlvorgang angezeigt.<\\\/p>\\n<hr data-start=\\\"2928\\\" data-end=\\\"2931\\\">\\n<h2 data-start=\\\"2933\\\" data-end=\\\"2946\\\">4. Zahlung<\\\/h2>\\n<p data-start=\\\"2948\\\" data-end=\\\"2995\\\">Die akzeptierten Zahlungsmethoden werden beim Bezahlvorgang angezeigt.<\\\/p>\\n<hr data-start=\\\"2997\\\" data-end=\\\"3000\\\">\\n<h2 data-start=\\\"3002\\\" data-end=\\\"3026\\\">5. Eigentumsvorbehalt<\\\/h2>\\n<p data-start=\\\"3028\\\" data-end=\\\"3085\\\">Die Ware bleibt bis zur vollst\\u00e4ndigen Bezahlung unser Eigentum.<\\\/p>\\n<hr data-start=\\\"3087\\\" data-end=\\\"3090\\\">\\n<h2 data-start=\\\"3092\\\" data-end=\\\"3107\\\">6. Haftung<\\\/h2>\\n<p data-start=\\\"3109\\\" data-end=\\\"3223\\\">Wir haften nach den gesetzlichen Bestimmungen des deutschen Rechts.<br data-start=\\\"3157\\\" data-end=\\\"3160\\\">F\\u00fcr mittelbare Sch\\u00e4den haften wir nicht, sofern nicht gesetzlich vorgeschrieben.<\\\/p>\\n<hr data-start=\\\"3225\\\" data-end=\\\"3228\\\">\\n<h2 data-start=\\\"3230\\\" data-end=\\\"3249\\\">7. Anwendbares Recht<\\\/h2>\\n<p data-start=\\\"3251\\\" data-end=\\\"3270\\\">Es gilt deutsches Recht.<\\\/p>\",\"display_condition_list\":[{\"display_condition_login_status\":\"subscriber\",\"_id\":\"c69a384\"}]},\"elements\":[],\"widgetType\":\"text-editor\"}],\"isInner\":false}],\"isInner\":false}]"],"_elementor_template_widget_type":[""],"_elementor_popup_display_settings":[""],"_fl_builder_enabled":[""],"_wpml_word_count":["156"],"astra_style_timestamp_css":["1774670906"],"_uag_css_file_name":["uag-css-2257.css"],"litespeed_vpi_list":["a:1:{i:0;s:31:\"cropped-klickkauf-W--106x35.png\";}"],"litespeed_vpi_list_mobile":["a:1:{i:0;s:31:\"cropped-klickkauf-W--106x35.png\";}"],"_elementor_page_assets":["a:1:{s:7:\"scripts\";a:1:{i:0;s:18:\"elementor-frontend\";}}"],"_elementor_css":["a:7:{s:4:\"time\";i:1775959670;s:5:\"fonts\";a:0:{}s:5:\"icons\";a:0:{}s:20:\"dynamic_elements_ids\";a:0:{}s:6:\"status\";s:5:\"empty\";i:0;s:0:\"\";s:3:\"css\";s:0:\"\";}"],"_uag_page_assets":["a:9:{s:3:\"css\";s:263:\".uag-blocks-common-selector{z-index:var(--z-index-desktop) !important}@media (max-width: 976px){.uag-blocks-common-selector{z-index:var(--z-index-tablet) !important}}@media (max-width: 767px){.uag-blocks-common-selector{z-index:var(--z-index-mobile) !important}}\n\";s:2:\"js\";s:0:\"\";s:18:\"current_block_list\";a:14:{i:0;s:11:\"core\/search\";i:1;s:10:\"core\/group\";i:2;s:12:\"core\/heading\";i:3;s:17:\"core\/latest-posts\";i:4;s:20:\"core\/latest-comments\";i:5;s:13:\"core\/archives\";i:6;s:15:\"core\/categories\";i:7;s:30:\"woocommerce\/product-categories\";i:8;s:26:\"woocommerce\/filter-wrapper\";i:9;s:24:\"woocommerce\/price-filter\";i:10;s:11:\"core\/spacer\";i:11;s:18:\"core\/legacy-widget\";i:13;s:25:\"woocommerce\/rating-filter\";i:15;s:10:\"core\/image\";}s:8:\"uag_flag\";b:0;s:11:\"uag_version\";s:10:\"1775751162\";s:6:\"gfonts\";a:0:{}s:10:\"gfonts_url\";s:0:\"\";s:12:\"gfonts_files\";a:0:{}s:14:\"uag_faq_layout\";b:0;}"],"_elementor_element_cache":["{\"timeout\":1777393706,\"value\":{\"content\":\"\\t\\t<section class=\\\"elementor-section elementor-top-section elementor-element elementor-element-d61719d elementor-section-boxed elementor-section-height-default elementor-section-height-default\\\" data-id=\\\"d61719d\\\" data-element_type=\\\"section\\\" data-e-type=\\\"section\\\">\\n\\t\\t\\t\\t\\t\\t<div class=\\\"elementor-container elementor-column-gap-default\\\">\\n\\t\\t\\t\\t\\t<div class=\\\"elementor-column elementor-col-100 elementor-top-column elementor-element elementor-element-790b46e3\\\" data-id=\\\"790b46e3\\\" data-element_type=\\\"column\\\" data-e-type=\\\"column\\\">\\n\\t\\t\\t<div class=\\\"elementor-widget-wrap elementor-element-populated\\\">\\n\\t\\t\\t\\t[elementor-element k=\\\"0f2cb86175ed53d052e7e25380f9c7e1\\\" data=\\\"eyJpZCI6IjZhM2EzZDQiLCJlbFR5cGUiOiJ3aWRnZXQiLCJzZXR0aW5ncyI6eyJlZGl0b3IiOiIiLCJkaXNwbGF5X2NvbmRpdGlvbl9saXN0IjpbeyJkaXNwbGF5X2NvbmRpdGlvbl9sb2dpbl9zdGF0dXMiOiJzdWJzY3JpYmVyIiwiX2lkIjoiNjZmZjRjMSJ9XX0sImVsZW1lbnRzIjpbXSwid2lkZ2V0VHlwZSI6InRleHQtZWRpdG9yIn0=\\\"]\\t\\t\\t<\\\/div>\\n\\t\\t<\\\/div>\\n\\t\\t\\t\\t\\t<\\\/div>\\n\\t\\t<\\\/section>\\n\\t\\t\\t\\t<section class=\\\"elementor-section elementor-top-section elementor-element elementor-element-c097553 elementor-section-boxed elementor-section-height-default elementor-section-height-default\\\" data-id=\\\"c097553\\\" data-element_type=\\\"section\\\" data-e-type=\\\"section\\\">\\n\\t\\t\\t\\t\\t\\t<div class=\\\"elementor-container elementor-column-gap-default\\\">\\n\\t\\t\\t\\t\\t<div class=\\\"elementor-column elementor-col-100 elementor-top-column elementor-element elementor-element-740da64\\\" data-id=\\\"740da64\\\" data-element_type=\\\"column\\\" data-e-type=\\\"column\\\">\\n\\t\\t\\t<div class=\\\"elementor-widget-wrap elementor-element-populated\\\">\\n\\t\\t\\t\\t[elementor-element k=\\\"0f2cb86175ed53d052e7e25380f9c7e1\\\" data=\\\"eyJpZCI6ImIwYTk2MDgiLCJlbFR5cGUiOiJ3aWRnZXQiLCJzZXR0aW5ncyI6eyJlZGl0b3IiOiI8cCBkYXRhLXN0YXJ0PVwiMjQ3NlwiIGRhdGEtZW5kPVwiMjUwOVwiPjxzdHJvbmcgZGF0YS1zdGFydD1cIjI0NzZcIiBkYXRhLWVuZD1cIjI0OTVcIj5HXHUwMGZjbHRpZyBhYjo8XC9zdHJvbmc+IDExLiBBcHJpbCAyMDI1PFwvcD5cbjxwIGRhdGEtc3RhcnQ9XCIyNTExXCIgZGF0YS1lbmQ9XCIyNTc1XCI+RGllc2UgQmVkaW5ndW5nZW4gZ2VsdGVuIGZcdTAwZmNyIGFsbGUgQmVzdGVsbHVuZ2VuLCBkaWUgXHUwMGZjYmVyIGtsaWNra2F1Zi5pdC5jb20gYXVmZ2VnZWJlbiB3ZXJkZW4uPFwvcD5cbjxociBkYXRhLXN0YXJ0PVwiMjU3N1wiIGRhdGEtZW5kPVwiMjU4MFwiPlxuPGgyIGRhdGEtc3RhcnQ9XCIyNTgyXCIgZGF0YS1lbmQ9XCIyNjA2XCI+MS4gVmVydHJhZ3NhYnNjaGx1c3M8XC9oMj5cbjxwIGRhdGEtc3RhcnQ9XCIyNjA4XCIgZGF0YS1lbmQ9XCIyNjc0XCI+RWluIEthdWZ2ZXJ0cmFnIGtvbW10IHp1c3RhbmRlLCB3ZW5uIHdpciBkZWluZSBCZXN0ZWxsdW5nIHBlciBFLU1haWwgYmVzdFx1MDBlNHRpZ2VuLjxcL3A+XG48aHIgZGF0YS1zdGFydD1cIjI2NzZcIiBkYXRhLWVuZD1cIjI2NzlcIj5cbjxoMiBkYXRhLXN0YXJ0PVwiMjY4MVwiIGRhdGEtZW5kPVwiMjY5M1wiPjIuIFByZWlzZTxcL2gyPlxuPHAgZGF0YS1zdGFydD1cIjI2OTVcIiBkYXRhLWVuZD1cIjI3NjRcIj5BbGxlIFByZWlzZSB3ZXJkZW4gaW4gRVVSIChcdTIwYWMpIGFuZ2V6ZWlndCB1bmQgZW50aGFsdGVuIGdnZi4gZGllIE1laHJ3ZXJ0c3RldWVyLjxcL3A+XG48cCBkYXRhLXN0YXJ0PVwiMjc2NlwiIGRhdGEtZW5kPVwiMjgxM1wiPldpciBiZWhhbHRlbiB1bnMgZGFzIFJlY2h0IHZvciwgUHJlaXNmZWhsZXIgenUga29ycmlnaWVyZW4uPFwvcD5cbjxociBkYXRhLXN0YXJ0PVwiMjgxNVwiIGRhdGEtZW5kPVwiMjgxOFwiPlxuPGgyIGRhdGEtc3RhcnQ9XCIyODIwXCIgZGF0YS1lbmQ9XCIyODM0XCI+My4gTGllZmVydW5nPFwvaDI+XG48cCBkYXRhLXN0YXJ0PVwiMjgzNlwiIGRhdGEtZW5kPVwiMjkyNlwiPkRpZSBMaWVmZXJ1bmcgaXN0IGlubmVyaGFsYiBEZXV0c2NobGFuZHMgdmVyZlx1MDBmY2diYXIuPGJyIGRhdGEtc3RhcnQ9XCIyODczXCIgZGF0YS1lbmQ9XCIyODc2XCI+RGllIHZvcmF1c3NpY2h0bGljaGVuIExpZWZlcnplaXRlbiB3ZXJkZW4gYmVpbSBCZXphaGx2b3JnYW5nIGFuZ2V6ZWlndC48XC9wPlxuPGhyIGRhdGEtc3RhcnQ9XCIyOTI4XCIgZGF0YS1lbmQ9XCIyOTMxXCI+XG48aDIgZGF0YS1zdGFydD1cIjI5MzNcIiBkYXRhLWVuZD1cIjI5NDZcIj40LiBaYWhsdW5nPFwvaDI+XG48cCBkYXRhLXN0YXJ0PVwiMjk0OFwiIGRhdGEtZW5kPVwiMjk5NVwiPkRpZSBha3plcHRpZXJ0ZW4gWmFobHVuZ3NtZXRob2RlbiB3ZXJkZW4gYmVpbSBCZXphaGx2b3JnYW5nIGFuZ2V6ZWlndC48XC9wPlxuPGhyIGRhdGEtc3RhcnQ9XCIyOTk3XCIgZGF0YS1lbmQ9XCIzMDAwXCI+XG48aDIgZGF0YS1zdGFydD1cIjMwMDJcIiBkYXRhLWVuZD1cIjMwMjZcIj41LiBFaWdlbnR1bXN2b3JiZWhhbHQ8XC9oMj5cbjxwIGRhdGEtc3RhcnQ9XCIzMDI4XCIgZGF0YS1lbmQ9XCIzMDg1XCI+RGllIFdhcmUgYmxlaWJ0IGJpcyB6dXIgdm9sbHN0XHUwMGU0bmRpZ2VuIEJlemFobHVuZyB1bnNlciBFaWdlbnR1bS48XC9wPlxuPGhyIGRhdGEtc3RhcnQ9XCIzMDg3XCIgZGF0YS1lbmQ9XCIzMDkwXCI+XG48aDIgZGF0YS1zdGFydD1cIjMwOTJcIiBkYXRhLWVuZD1cIjMxMDdcIj42LiBIYWZ0dW5nPFwvaDI+XG48cCBkYXRhLXN0YXJ0PVwiMzEwOVwiIGRhdGEtZW5kPVwiMzIyM1wiPldpciBoYWZ0ZW4gbmFjaCBkZW4gZ2VzZXR6bGljaGVuIEJlc3RpbW11bmdlbiBkZXMgZGV1dHNjaGVuIFJlY2h0cy48YnIgZGF0YS1zdGFydD1cIjMxNTdcIiBkYXRhLWVuZD1cIjMxNjBcIj5GXHUwMGZjciBtaXR0ZWxiYXJlIFNjaFx1MDBlNGRlbiBoYWZ0ZW4gd2lyIG5pY2h0LCBzb2Zlcm4gbmljaHQgZ2VzZXR6bGljaCB2b3JnZXNjaHJpZWJlbi48XC9wPlxuPGhyIGRhdGEtc3RhcnQ9XCIzMjI1XCIgZGF0YS1lbmQ9XCIzMjI4XCI+XG48aDIgZGF0YS1zdGFydD1cIjMyMzBcIiBkYXRhLWVuZD1cIjMyNDlcIj43LiBBbndlbmRiYXJlcyBSZWNodDxcL2gyPlxuPHAgZGF0YS1zdGFydD1cIjMyNTFcIiBkYXRhLWVuZD1cIjMyNzBcIj5FcyBnaWx0IGRldXRzY2hlcyBSZWNodC48XC9wPiIsImRpc3BsYXlfY29uZGl0aW9uX2xpc3QiOlt7ImRpc3BsYXlfY29uZGl0aW9uX2xvZ2luX3N0YXR1cyI6InN1YnNjcmliZXIiLCJfaWQiOiJjNjlhMzg0In1dfSwiZWxlbWVudHMiOltdLCJ3aWRnZXRUeXBlIjoidGV4dC1lZGl0b3IifQ==\\\"]\\t\\t\\t<\\\/div>\\n\\t\\t<\\\/div>\\n\\t\\t\\t\\t\\t<\\\/div>\\n\\t\\t<\\\/section>\\n\\t\\t\",\"scripts\":[],\"styles\":[]}}"]},"uagb_featured_image_src":{"full":false,"thumbnail":false,"medium":false,"medium_large":false,"large":false,"1536x1536":false,"2048x2048":false,"woocommerce_thumbnail":false,"woocommerce_single":false,"woocommerce_gallery_thumbnail":false},"uagb_author_info":{"display_name":"admin","author_link":"https:\/\/klickkauf.it.com\/de\/author\/davisryan822_wd25jsm6\/"},"uagb_comment_info":0,"uagb_excerpt":"G\u00fcltig ab: 11. April 2025 Diese Bedingungen gelten f\u00fcr alle Bestellungen, die \u00fcber klickkauf.it.com aufgegeben werden. 1. Vertragsabschluss Ein Kaufvertrag kommt zustande, wenn wir deine Bestellung per E-Mail best\u00e4tigen. 2. Preise Alle Preise werden in EUR (\u20ac) angezeigt und enthalten ggf. die Mehrwertsteuer. Wir behalten uns das Recht vor, Preisfehler zu korrigieren. 3. Lieferung Die&hellip;","_links":{"self":[{"href":"https:\/\/klickkauf.it.com\/de\/wp-json\/wp\/v2\/pages\/2257","targetHints":{"allow":["GET"]}}],"collection":[{"href":"https:\/\/klickkauf.it.com\/de\/wp-json\/wp\/v2\/pages"}],"about":[{"href":"https:\/\/klickkauf.it.com\/de\/wp-json\/wp\/v2\/types\/page"}],"author":[{"embeddable":true,"href":"https:\/\/klickkauf.it.com\/de\/wp-json\/wp\/v2\/users\/1"}],"replies":[{"embeddable":true,"href":"https:\/\/klickkauf.it.com\/de\/wp-json\/wp\/v2\/comments?post=2257"}],"version-history":[{"count":0,"href":"https:\/\/klickkauf.it.com\/de\/wp-json\/wp\/v2\/pages\/2257\/revisions"}],"wp:attachment":[{"href":"https:\/\/klickkauf.it.com\/de\/wp-json\/wp\/v2\/media?parent=2257"}],"curies":[{"name":"wp","href":"https:\/\/api.w.org\/{rel}","templated":true}]}}