{"id":2266,"date":"2026-02-27T06:29:03","date_gmt":"2026-02-27T06:29:03","guid":{"rendered":"https:\/\/klickkauf.it.com\/umtauschrichtlinie\/"},"modified":"2026-02-27T08:19:22","modified_gmt":"2026-02-27T08:19:22","slug":"umtauschrichtlinie","status":"publish","type":"page","link":"https:\/\/klickkauf.it.com\/de\/umtauschrichtlinie\/","title":{"rendered":"Umtauschrichtlinie"},"content":{"rendered":"\t\t<div data-elementor-type=\"wp-page\" data-elementor-id=\"2266\" class=\"elementor elementor-2266 elementor-2161\">\n\t\t\t\t\t\t<section class=\"elementor-section elementor-top-section elementor-element elementor-element-ad5e0ac elementor-section-boxed elementor-section-height-default elementor-section-height-default\" data-id=\"ad5e0ac\" data-element_type=\"section\" data-e-type=\"section\">\n\t\t\t\t\t\t<div class=\"elementor-container elementor-column-gap-default\">\n\t\t\t\t\t<div class=\"elementor-column elementor-col-100 elementor-top-column elementor-element elementor-element-60553183\" data-id=\"60553183\" data-element_type=\"column\" data-e-type=\"column\">\n\t\t\t<div class=\"elementor-widget-wrap elementor-element-populated\">\n\t\t\t\t\t\t\t<\/div>\n\t\t<\/div>\n\t\t\t\t\t<\/div>\n\t\t<\/section>\n\t\t\t\t<section class=\"elementor-section elementor-top-section elementor-element elementor-element-6b6d21f elementor-section-boxed elementor-section-height-default elementor-section-height-default\" data-id=\"6b6d21f\" data-element_type=\"section\" data-e-type=\"section\">\n\t\t\t\t\t\t<div class=\"elementor-container elementor-column-gap-default\">\n\t\t\t\t\t<div class=\"elementor-column elementor-col-100 elementor-top-column elementor-element elementor-element-d3f5c58\" data-id=\"d3f5c58\" data-element_type=\"column\" data-e-type=\"column\">\n\t\t\t<div class=\"elementor-widget-wrap elementor-element-populated\">\n\t\t\t\t\t\t<div class=\"elementor-element elementor-element-e82ffe0 elementor-widget elementor-widget-text-editor\" data-id=\"e82ffe0\" data-element_type=\"widget\" data-e-type=\"widget\" data-widget_type=\"text-editor.default\">\n\t\t\t\t<div class=\"elementor-widget-container\">\n\t\t\t\t\t\t\t\t\t<p data-start=\"4216\" data-end=\"4266\">Wir bieten Umtausch unter folgenden Bedingungen an:<\/p>\n<hr data-start=\"4268\" data-end=\"4271\">\n<h2 data-start=\"4273\" data-end=\"4290\">1. Voraussetzungen<\/h2>\n<p data-start=\"4292\" data-end=\"4306\">Artikel m\u00fcssen sein:<\/p>\n<ul data-start=\"4308\" data-end=\"4372\">\n<li data-start=\"4308\" data-end=\"4318\">\n<p data-start=\"4310\" data-end=\"4318\">Unbenutzt<\/p>\n<\/li>\n<li data-start=\"4319\" data-end=\"4344\">\n<p data-start=\"4321\" data-end=\"4344\">In der Originalverpackung<\/p>\n<\/li>\n<li data-start=\"4345\" data-end=\"4372\">\n<p data-start=\"4347\" data-end=\"4372\">Innerhalb von 14 Tagen zur\u00fcckgesendet<\/p>\n<\/li>\n<\/ul>\n<hr data-start=\"4374\" data-end=\"4377\">\n<h2 data-start=\"4379\" data-end=\"4411\">2. Defekte oder besch\u00e4digte Artikel<\/h2>\n<p data-start=\"4413\" data-end=\"4440\">Wenn ein Artikel besch\u00e4digt ankommt:<\/p>\n<ul data-start=\"4442\" data-end=\"4533\">\n<li data-start=\"4442\" data-end=\"4472\">\n<p data-start=\"4444\" data-end=\"4472\">Kontaktiere uns innerhalb von 48 Stunden<\/p>\n<\/li>\n<li data-start=\"4473\" data-end=\"4491\">\n<p data-start=\"4475\" data-end=\"4491\">Stelle Fotos bereit<\/p>\n<\/li>\n<li data-start=\"4492\" data-end=\"4533\">\n<p data-start=\"4494\" data-end=\"4533\">Wir veranlassen Ersatz oder eine R\u00fcckerstattung<\/p>\n<\/li>\n<\/ul>\n<hr data-start=\"4535\" data-end=\"4538\">\n<h2 data-start=\"4540\" data-end=\"4561\">3. Bearbeitungszeit<\/h2>\n<p data-start=\"4563\" data-end=\"4646\">Umtausche werden innerhalb von 5\u20137 Werktagen nach Erhalt des zur\u00fcckgesendeten Artikels bearbeitet.<\/p>\t\t\t\t\t\t\t\t<\/div>\n\t\t\t\t<\/div>\n\t\t\t\t\t<\/div>\n\t\t<\/div>\n\t\t\t\t\t<\/div>\n\t\t<\/section>\n\t\t\t\t<\/div>\n\t\t","protected":false},"excerpt":{"rendered":"<p>Wir bieten Umtausch unter folgenden Bedingungen an: 1. Voraussetzungen Artikel m\u00fcssen sein: Unbenutzt In der Originalverpackung Innerhalb von 14 Tagen zur\u00fcckgesendet 2. Defekte oder besch\u00e4digte Artikel Wenn ein Artikel besch\u00e4digt ankommt: Kontaktiere uns innerhalb von 48 Stunden Stelle Fotos bereit Wir veranlassen Ersatz oder eine R\u00fcckerstattung 3. Bearbeitungszeit Umtausche werden innerhalb von 5\u20137 Werktagen nach [&hellip;]<\/p>\n","protected":false},"author":1,"featured_media":0,"parent":0,"menu_order":0,"comment_status":"closed","ping_status":"closed","template":"elementor_header_footer","meta":{"_uag_custom_page_level_css":"","site-sidebar-layout":"default","site-content-layout":"","ast-site-content-layout":"default","site-content-style":"default","site-sidebar-style":"default","ast-global-header-display":"","ast-banner-title-visibility":"","ast-main-header-display":"","ast-hfb-above-header-display":"","ast-hfb-below-header-display":"","ast-hfb-mobile-header-display":"","site-post-title":"","ast-breadcrumbs-content":"","ast-featured-img":"","footer-sml-layout":"","ast-disable-related-posts":"","theme-transparent-header-meta":"","adv-header-id-meta":"","stick-header-meta":"","header-above-stick-meta":"","header-main-stick-meta":"","header-below-stick-meta":"","astra-migrate-meta-layouts":"default","ast-page-background-enabled":"default","ast-page-background-meta":{"desktop":{"background-color":"var(--ast-global-color-4)","background-image":"","background-repeat":"repeat","background-position":"center center","background-size":"auto","background-attachment":"scroll","background-type":"","background-media":"","overlay-type":"","overlay-color":"","overlay-opacity":"","overlay-gradient":""},"tablet":{"background-color":"","background-image":"","background-repeat":"repeat","background-position":"center center","background-size":"auto","background-attachment":"scroll","background-type":"","background-media":"","overlay-type":"","overlay-color":"","overlay-opacity":"","overlay-gradient":""},"mobile":{"background-color":"","background-image":"","background-repeat":"repeat","background-position":"center center","background-size":"auto","background-attachment":"scroll","background-type":"","background-media":"","overlay-type":"","overlay-color":"","overlay-opacity":"","overlay-gradient":""}},"ast-content-background-meta":{"desktop":{"background-color":"var(--ast-global-color-5)","background-image":"","background-repeat":"repeat","background-position":"center center","background-size":"auto","background-attachment":"scroll","background-type":"","background-media":"","overlay-type":"","overlay-color":"","overlay-opacity":"","overlay-gradient":""},"tablet":{"background-color":"var(--ast-global-color-5)","background-image":"","background-repeat":"repeat","background-position":"center center","background-size":"auto","background-attachment":"scroll","background-type":"","background-media":"","overlay-type":"","overlay-color":"","overlay-opacity":"","overlay-gradient":""},"mobile":{"background-color":"var(--ast-global-color-5)","background-image":"","background-repeat":"repeat","background-position":"center center","background-size":"auto","background-attachment":"scroll","background-type":"","background-media":"","overlay-type":"","overlay-color":"","overlay-opacity":"","overlay-gradient":""}},"footnotes":""},"class_list":["post-2266","page","type-page","status-publish","hentry"],"spectra_custom_meta":{"surerank_seo_checks":["a:13:{s:14:\"h2_subheadings\";a:3:{s:6:\"status\";s:7:\"success\";s:7:\"message\";s:38:\"Page contains at least one subheading.\";s:4:\"type\";s:4:\"page\";}s:13:\"media_present\";a:3:{s:6:\"status\";s:7:\"warning\";s:7:\"message\";s:39:\"No images or videos found on this page.\";s:4:\"type\";s:4:\"page\";}s:13:\"links_present\";a:3:{s:6:\"status\";s:7:\"warning\";s:7:\"message\";s:27:\"No links found on the page.\";s:4:\"type\";s:4:\"page\";}s:10:\"url_length\";a:3:{s:6:\"status\";s:7:\"success\";s:7:\"message\";s:35:\"Page URL is short and SEO-friendly.\";s:4:\"type\";s:4:\"page\";}s:19:\"search_engine_title\";a:3:{s:6:\"status\";s:7:\"success\";s:7:\"message\";s:55:\"Search engine title is present and under 60 characters.\";s:4:\"type\";s:4:\"page\";}s:25:\"search_engine_description\";a:3:{s:6:\"status\";s:7:\"success\";s:7:\"message\";s:62:\"Search engine description is present and under 160 characters.\";s:4:\"type\";s:4:\"page\";}s:13:\"canonical_url\";a:3:{s:6:\"status\";s:7:\"success\";s:7:\"message\";s:37:\"Canonical tag is present on the page.\";s:4:\"type\";s:4:\"page\";}s:15:\"open_graph_tags\";a:3:{s:6:\"status\";s:7:\"success\";s:7:\"message\";s:40:\"Open Graph tags are present on the page.\";s:4:\"type\";s:4:\"page\";}s:16:\"keyword_in_title\";a:3:{s:6:\"status\";s:10:\"suggestion\";s:7:\"message\";s:38:\"No focus keyword set to analyze title.\";s:4:\"type\";s:7:\"keyword\";}s:22:\"keyword_in_description\";a:3:{s:6:\"status\";s:10:\"suggestion\";s:7:\"message\";s:49:\"No focus keyword set to analyze meta description.\";s:4:\"type\";s:7:\"keyword\";}s:14:\"keyword_in_url\";a:3:{s:6:\"status\";s:10:\"suggestion\";s:7:\"message\";s:36:\"No focus keyword set to analyze URL.\";s:4:\"type\";s:7:\"keyword\";}s:18:\"keyword_in_content\";a:3:{s:6:\"status\";s:10:\"suggestion\";s:7:\"message\";s:40:\"No focus keyword set to analyze content.\";s:4:\"type\";s:7:\"keyword\";}s:12:\"broken_links\";a:2:{s:6:\"status\";s:7:\"success\";s:7:\"message\";s:34:\"No broken links found on the page.\";}}"],"surerank_seo_checks_last_updated":["1772180362"],"_last_translation_edit_mode":["translation-editor"],"_elementor_edit_mode":["builder"],"_elementor_template_type":["wp-page"],"_elementor_version":["3.35.5"],"ast-main-header-display":[""],"ast-hfb-above-header-display":[""],"ast-hfb-below-header-display":[""],"ast-hfb-mobile-header-display":[""],"adv-header-id-meta":[""],"footer-sml-layout":[""],"stick-header-meta":[""],"header-main-stick-meta":[""],"header-above-stick-meta":[""],"header-below-stick-meta":[""],"site-sidebar-layout":["default"],"site-content-layout":[""],"ast-featured-img":[""],"ast-breadcrumbs-content":[""],"theme-transparent-header-meta":[""],"ast-banner-title-visibility":[""],"ast-global-header-display":[""],"ast-site-content-layout":["default"],"site-content-style":["default"],"site-sidebar-style":["default"],"_top_nav_excluded":[""],"_cms_nav_minihome":[""],"_wp_page_template":["elementor_header_footer"],"_elementor_page_settings":["a:0:{}"],"_elementor_data":["[{\"id\":\"ad5e0ac\",\"elType\":\"section\",\"settings\":{\"display_condition_list\":[{\"display_condition_login_status\":\"subscriber\",\"_id\":\"d78b164\"}]},\"elements\":[{\"id\":\"60553183\",\"elType\":\"column\",\"settings\":{\"_column_size\":100,\"display_condition_list\":[{\"display_condition_login_status\":\"subscriber\",\"_id\":\"6edaff2\"}]},\"elements\":[{\"id\":\"30ccf2b3\",\"elType\":\"widget\",\"settings\":{\"editor\":\"\",\"display_condition_list\":[{\"display_condition_login_status\":\"subscriber\",\"_id\":\"39ffd35\"}]},\"elements\":[],\"widgetType\":\"text-editor\"}],\"isInner\":false}],\"isInner\":false},{\"id\":\"6b6d21f\",\"elType\":\"section\",\"settings\":{\"display_condition_list\":[{\"display_condition_login_status\":\"subscriber\",\"_id\":\"aec6c58\"}]},\"elements\":[{\"id\":\"d3f5c58\",\"elType\":\"column\",\"settings\":{\"_column_size\":100,\"_inline_size\":null,\"display_condition_list\":[{\"display_condition_login_status\":\"subscriber\",\"_id\":\"b16e358\"}]},\"elements\":[{\"id\":\"e82ffe0\",\"elType\":\"widget\",\"settings\":{\"editor\":\"<p data-start=\\\"4216\\\" data-end=\\\"4266\\\">Wir bieten Umtausch unter folgenden Bedingungen an:<\\\/p>\\n<hr data-start=\\\"4268\\\" data-end=\\\"4271\\\">\\n<h2 data-start=\\\"4273\\\" data-end=\\\"4290\\\">1. Voraussetzungen<\\\/h2>\\n<p data-start=\\\"4292\\\" data-end=\\\"4306\\\">Artikel m\\u00fcssen sein:<\\\/p>\\n<ul data-start=\\\"4308\\\" data-end=\\\"4372\\\">\\n<li data-start=\\\"4308\\\" data-end=\\\"4318\\\">\\n<p data-start=\\\"4310\\\" data-end=\\\"4318\\\">Unbenutzt<\\\/p>\\n<\\\/li>\\n<li data-start=\\\"4319\\\" data-end=\\\"4344\\\">\\n<p data-start=\\\"4321\\\" data-end=\\\"4344\\\">In der Originalverpackung<\\\/p>\\n<\\\/li>\\n<li data-start=\\\"4345\\\" data-end=\\\"4372\\\">\\n<p data-start=\\\"4347\\\" data-end=\\\"4372\\\">Innerhalb von 14 Tagen zur\\u00fcckgesendet<\\\/p>\\n<\\\/li>\\n<\\\/ul>\\n<hr data-start=\\\"4374\\\" data-end=\\\"4377\\\">\\n<h2 data-start=\\\"4379\\\" data-end=\\\"4411\\\">2. Defekte oder besch\\u00e4digte Artikel<\\\/h2>\\n<p data-start=\\\"4413\\\" data-end=\\\"4440\\\">Wenn ein Artikel besch\\u00e4digt ankommt:<\\\/p>\\n<ul data-start=\\\"4442\\\" data-end=\\\"4533\\\">\\n<li data-start=\\\"4442\\\" data-end=\\\"4472\\\">\\n<p data-start=\\\"4444\\\" data-end=\\\"4472\\\">Kontaktiere uns innerhalb von 48 Stunden<\\\/p>\\n<\\\/li>\\n<li data-start=\\\"4473\\\" data-end=\\\"4491\\\">\\n<p data-start=\\\"4475\\\" data-end=\\\"4491\\\">Stelle Fotos bereit<\\\/p>\\n<\\\/li>\\n<li data-start=\\\"4492\\\" data-end=\\\"4533\\\">\\n<p data-start=\\\"4494\\\" data-end=\\\"4533\\\">Wir veranlassen Ersatz oder eine R\\u00fcckerstattung<\\\/p>\\n<\\\/li>\\n<\\\/ul>\\n<hr data-start=\\\"4535\\\" data-end=\\\"4538\\\">\\n<h2 data-start=\\\"4540\\\" data-end=\\\"4561\\\">3. Bearbeitungszeit<\\\/h2>\\n<p data-start=\\\"4563\\\" data-end=\\\"4646\\\">Umtausche werden innerhalb von 5\\u20137 Werktagen nach Erhalt des zur\\u00fcckgesendeten Artikels bearbeitet.<\\\/p>\",\"display_condition_list\":[{\"display_condition_login_status\":\"subscriber\",\"_id\":\"8ee894b\"}]},\"elements\":[],\"widgetType\":\"text-editor\"}],\"isInner\":false}],\"isInner\":false}]"],"_elementor_template_widget_type":[""],"_elementor_popup_display_settings":[""],"_wpml_word_count":["85"],"_fl_builder_enabled":[""],"astra_style_timestamp_css":["1776291131"],"_uag_css_file_name":["uag-css-2266.css"],"litespeed_vpi_list":["a:1:{i:0;s:31:\"cropped-klickkauf-W--106x35.png\";}"],"litespeed_vpi_list_mobile":["a:2:{i:0;s:31:\"cropped-klickkauf-W--106x35.png\";i:1;s:16:\"klickkauf-W-.png\";}"],"_elementor_page_assets":["a:1:{s:7:\"scripts\";a:1:{i:0;s:18:\"elementor-frontend\";}}"],"_elementor_css":["a:7:{s:4:\"time\";i:1776291130;s:5:\"fonts\";a:0:{}s:5:\"icons\";a:0:{}s:20:\"dynamic_elements_ids\";a:0:{}s:6:\"status\";s:5:\"empty\";i:0;s:0:\"\";s:3:\"css\";s:0:\"\";}"],"_uag_page_assets":["a:9:{s:3:\"css\";s:263:\".uag-blocks-common-selector{z-index:var(--z-index-desktop) !important}@media (max-width: 976px){.uag-blocks-common-selector{z-index:var(--z-index-tablet) !important}}@media (max-width: 767px){.uag-blocks-common-selector{z-index:var(--z-index-mobile) !important}}\n\";s:2:\"js\";s:0:\"\";s:18:\"current_block_list\";a:14:{i:0;s:11:\"core\/search\";i:1;s:10:\"core\/group\";i:2;s:12:\"core\/heading\";i:3;s:17:\"core\/latest-posts\";i:4;s:20:\"core\/latest-comments\";i:5;s:13:\"core\/archives\";i:6;s:15:\"core\/categories\";i:7;s:30:\"woocommerce\/product-categories\";i:8;s:26:\"woocommerce\/filter-wrapper\";i:9;s:24:\"woocommerce\/price-filter\";i:10;s:11:\"core\/spacer\";i:11;s:18:\"core\/legacy-widget\";i:13;s:25:\"woocommerce\/rating-filter\";i:15;s:10:\"core\/image\";}s:8:\"uag_flag\";b:0;s:11:\"uag_version\";s:10:\"1775751162\";s:6:\"gfonts\";a:0:{}s:10:\"gfonts_url\";s:0:\"\";s:12:\"gfonts_files\";a:0:{}s:14:\"uag_faq_layout\";b:0;}"],"_elementor_element_cache":["{\"timeout\":1777394217,\"value\":{\"content\":\"\\t\\t<section class=\\\"elementor-section elementor-top-section elementor-element elementor-element-ad5e0ac elementor-section-boxed elementor-section-height-default elementor-section-height-default\\\" data-id=\\\"ad5e0ac\\\" data-element_type=\\\"section\\\" data-e-type=\\\"section\\\">\\n\\t\\t\\t\\t\\t\\t<div class=\\\"elementor-container elementor-column-gap-default\\\">\\n\\t\\t\\t\\t\\t<div class=\\\"elementor-column elementor-col-100 elementor-top-column elementor-element elementor-element-60553183\\\" data-id=\\\"60553183\\\" data-element_type=\\\"column\\\" data-e-type=\\\"column\\\">\\n\\t\\t\\t<div class=\\\"elementor-widget-wrap elementor-element-populated\\\">\\n\\t\\t\\t\\t[elementor-element k=\\\"0f2cb86175ed53d052e7e25380f9c7e1\\\" data=\\\"eyJpZCI6IjMwY2NmMmIzIiwiZWxUeXBlIjoid2lkZ2V0Iiwic2V0dGluZ3MiOnsiZWRpdG9yIjoiIiwiZGlzcGxheV9jb25kaXRpb25fbGlzdCI6W3siZGlzcGxheV9jb25kaXRpb25fbG9naW5fc3RhdHVzIjoic3Vic2NyaWJlciIsIl9pZCI6IjM5ZmZkMzUifV19LCJlbGVtZW50cyI6W10sIndpZGdldFR5cGUiOiJ0ZXh0LWVkaXRvciJ9\\\"]\\t\\t\\t<\\\/div>\\n\\t\\t<\\\/div>\\n\\t\\t\\t\\t\\t<\\\/div>\\n\\t\\t<\\\/section>\\n\\t\\t\\t\\t<section class=\\\"elementor-section elementor-top-section elementor-element elementor-element-6b6d21f elementor-section-boxed elementor-section-height-default elementor-section-height-default\\\" data-id=\\\"6b6d21f\\\" data-element_type=\\\"section\\\" data-e-type=\\\"section\\\">\\n\\t\\t\\t\\t\\t\\t<div class=\\\"elementor-container elementor-column-gap-default\\\">\\n\\t\\t\\t\\t\\t<div class=\\\"elementor-column elementor-col-100 elementor-top-column elementor-element elementor-element-d3f5c58\\\" data-id=\\\"d3f5c58\\\" data-element_type=\\\"column\\\" data-e-type=\\\"column\\\">\\n\\t\\t\\t<div class=\\\"elementor-widget-wrap elementor-element-populated\\\">\\n\\t\\t\\t\\t[elementor-element k=\\\"0f2cb86175ed53d052e7e25380f9c7e1\\\" data=\\\"eyJpZCI6ImU4MmZmZTAiLCJlbFR5cGUiOiJ3aWRnZXQiLCJzZXR0aW5ncyI6eyJlZGl0b3IiOiI8cCBkYXRhLXN0YXJ0PVwiNDIxNlwiIGRhdGEtZW5kPVwiNDI2NlwiPldpciBiaWV0ZW4gVW10YXVzY2ggdW50ZXIgZm9sZ2VuZGVuIEJlZGluZ3VuZ2VuIGFuOjxcL3A+XG48aHIgZGF0YS1zdGFydD1cIjQyNjhcIiBkYXRhLWVuZD1cIjQyNzFcIj5cbjxoMiBkYXRhLXN0YXJ0PVwiNDI3M1wiIGRhdGEtZW5kPVwiNDI5MFwiPjEuIFZvcmF1c3NldHp1bmdlbjxcL2gyPlxuPHAgZGF0YS1zdGFydD1cIjQyOTJcIiBkYXRhLWVuZD1cIjQzMDZcIj5BcnRpa2VsIG1cdTAwZmNzc2VuIHNlaW46PFwvcD5cbjx1bCBkYXRhLXN0YXJ0PVwiNDMwOFwiIGRhdGEtZW5kPVwiNDM3MlwiPlxuPGxpIGRhdGEtc3RhcnQ9XCI0MzA4XCIgZGF0YS1lbmQ9XCI0MzE4XCI+XG48cCBkYXRhLXN0YXJ0PVwiNDMxMFwiIGRhdGEtZW5kPVwiNDMxOFwiPlVuYmVudXR6dDxcL3A+XG48XC9saT5cbjxsaSBkYXRhLXN0YXJ0PVwiNDMxOVwiIGRhdGEtZW5kPVwiNDM0NFwiPlxuPHAgZGF0YS1zdGFydD1cIjQzMjFcIiBkYXRhLWVuZD1cIjQzNDRcIj5JbiBkZXIgT3JpZ2luYWx2ZXJwYWNrdW5nPFwvcD5cbjxcL2xpPlxuPGxpIGRhdGEtc3RhcnQ9XCI0MzQ1XCIgZGF0YS1lbmQ9XCI0MzcyXCI+XG48cCBkYXRhLXN0YXJ0PVwiNDM0N1wiIGRhdGEtZW5kPVwiNDM3MlwiPklubmVyaGFsYiB2b24gMTQgVGFnZW4genVyXHUwMGZjY2tnZXNlbmRldDxcL3A+XG48XC9saT5cbjxcL3VsPlxuPGhyIGRhdGEtc3RhcnQ9XCI0Mzc0XCIgZGF0YS1lbmQ9XCI0Mzc3XCI+XG48aDIgZGF0YS1zdGFydD1cIjQzNzlcIiBkYXRhLWVuZD1cIjQ0MTFcIj4yLiBEZWZla3RlIG9kZXIgYmVzY2hcdTAwZTRkaWd0ZSBBcnRpa2VsPFwvaDI+XG48cCBkYXRhLXN0YXJ0PVwiNDQxM1wiIGRhdGEtZW5kPVwiNDQ0MFwiPldlbm4gZWluIEFydGlrZWwgYmVzY2hcdTAwZTRkaWd0IGFua29tbXQ6PFwvcD5cbjx1bCBkYXRhLXN0YXJ0PVwiNDQ0MlwiIGRhdGEtZW5kPVwiNDUzM1wiPlxuPGxpIGRhdGEtc3RhcnQ9XCI0NDQyXCIgZGF0YS1lbmQ9XCI0NDcyXCI+XG48cCBkYXRhLXN0YXJ0PVwiNDQ0NFwiIGRhdGEtZW5kPVwiNDQ3MlwiPktvbnRha3RpZXJlIHVucyBpbm5lcmhhbGIgdm9uIDQ4IFN0dW5kZW48XC9wPlxuPFwvbGk+XG48bGkgZGF0YS1zdGFydD1cIjQ0NzNcIiBkYXRhLWVuZD1cIjQ0OTFcIj5cbjxwIGRhdGEtc3RhcnQ9XCI0NDc1XCIgZGF0YS1lbmQ9XCI0NDkxXCI+U3RlbGxlIEZvdG9zIGJlcmVpdDxcL3A+XG48XC9saT5cbjxsaSBkYXRhLXN0YXJ0PVwiNDQ5MlwiIGRhdGEtZW5kPVwiNDUzM1wiPlxuPHAgZGF0YS1zdGFydD1cIjQ0OTRcIiBkYXRhLWVuZD1cIjQ1MzNcIj5XaXIgdmVyYW5sYXNzZW4gRXJzYXR6IG9kZXIgZWluZSBSXHUwMGZjY2tlcnN0YXR0dW5nPFwvcD5cbjxcL2xpPlxuPFwvdWw+XG48aHIgZGF0YS1zdGFydD1cIjQ1MzVcIiBkYXRhLWVuZD1cIjQ1MzhcIj5cbjxoMiBkYXRhLXN0YXJ0PVwiNDU0MFwiIGRhdGEtZW5kPVwiNDU2MVwiPjMuIEJlYXJiZWl0dW5nc3plaXQ8XC9oMj5cbjxwIGRhdGEtc3RhcnQ9XCI0NTYzXCIgZGF0YS1lbmQ9XCI0NjQ2XCI+VW10YXVzY2hlIHdlcmRlbiBpbm5lcmhhbGIgdm9uIDVcdTIwMTM3IFdlcmt0YWdlbiBuYWNoIEVyaGFsdCBkZXMgenVyXHUwMGZjY2tnZXNlbmRldGVuIEFydGlrZWxzIGJlYXJiZWl0ZXQuPFwvcD4iLCJkaXNwbGF5X2NvbmRpdGlvbl9saXN0IjpbeyJkaXNwbGF5X2NvbmRpdGlvbl9sb2dpbl9zdGF0dXMiOiJzdWJzY3JpYmVyIiwiX2lkIjoiOGVlODk0YiJ9XX0sImVsZW1lbnRzIjpbXSwid2lkZ2V0VHlwZSI6InRleHQtZWRpdG9yIn0=\\\"]\\t\\t\\t<\\\/div>\\n\\t\\t<\\\/div>\\n\\t\\t\\t\\t\\t<\\\/div>\\n\\t\\t<\\\/section>\\n\\t\\t\",\"scripts\":[],\"styles\":[]}}"]},"uagb_featured_image_src":{"full":false,"thumbnail":false,"medium":false,"medium_large":false,"large":false,"1536x1536":false,"2048x2048":false,"woocommerce_thumbnail":false,"woocommerce_single":false,"woocommerce_gallery_thumbnail":false},"uagb_author_info":{"display_name":"admin","author_link":"https:\/\/klickkauf.it.com\/de\/author\/davisryan822_wd25jsm6\/"},"uagb_comment_info":0,"uagb_excerpt":"Wir bieten Umtausch unter folgenden Bedingungen an: 1. Voraussetzungen Artikel m\u00fcssen sein: Unbenutzt In der Originalverpackung Innerhalb von 14 Tagen zur\u00fcckgesendet 2. Defekte oder besch\u00e4digte Artikel Wenn ein Artikel besch\u00e4digt ankommt: Kontaktiere uns innerhalb von 48 Stunden Stelle Fotos bereit Wir veranlassen Ersatz oder eine R\u00fcckerstattung 3. Bearbeitungszeit Umtausche werden innerhalb von 5\u20137 Werktagen nach&hellip;","_links":{"self":[{"href":"https:\/\/klickkauf.it.com\/de\/wp-json\/wp\/v2\/pages\/2266","targetHints":{"allow":["GET"]}}],"collection":[{"href":"https:\/\/klickkauf.it.com\/de\/wp-json\/wp\/v2\/pages"}],"about":[{"href":"https:\/\/klickkauf.it.com\/de\/wp-json\/wp\/v2\/types\/page"}],"author":[{"embeddable":true,"href":"https:\/\/klickkauf.it.com\/de\/wp-json\/wp\/v2\/users\/1"}],"replies":[{"embeddable":true,"href":"https:\/\/klickkauf.it.com\/de\/wp-json\/wp\/v2\/comments?post=2266"}],"version-history":[{"count":0,"href":"https:\/\/klickkauf.it.com\/de\/wp-json\/wp\/v2\/pages\/2266\/revisions"}],"wp:attachment":[{"href":"https:\/\/klickkauf.it.com\/de\/wp-json\/wp\/v2\/media?parent=2266"}],"curies":[{"name":"wp","href":"https:\/\/api.w.org\/{rel}","templated":true}]}}