{"id":2274,"date":"2026-02-27T06:28:06","date_gmt":"2026-02-27T06:28:06","guid":{"rendered":"https:\/\/klickkauf.it.com\/rueckerstattungsrichtlinie\/"},"modified":"2026-02-27T08:19:35","modified_gmt":"2026-02-27T08:19:35","slug":"rueckerstattungsrichtlinie","status":"publish","type":"page","link":"https:\/\/klickkauf.it.com\/de\/rueckerstattungsrichtlinie\/","title":{"rendered":"R\u00fcckerstattungsrichtlinie"},"content":{"rendered":"\t\t<div data-elementor-type=\"wp-page\" data-elementor-id=\"2274\" class=\"elementor elementor-2274 elementor-2156\">\n\t\t\t\t\t\t<section class=\"elementor-section elementor-top-section elementor-element elementor-element-44a0a90a elementor-section-boxed elementor-section-height-default elementor-section-height-default\" data-id=\"44a0a90a\" data-element_type=\"section\" data-e-type=\"section\">\n\t\t\t\t\t\t<div class=\"elementor-container elementor-column-gap-default\">\n\t\t\t\t\t<div class=\"elementor-column elementor-col-100 elementor-top-column elementor-element elementor-element-19258bab\" data-id=\"19258bab\" data-element_type=\"column\" data-e-type=\"column\">\n\t\t\t<div class=\"elementor-widget-wrap elementor-element-populated\">\n\t\t\t\t\t\t\t<\/div>\n\t\t<\/div>\n\t\t\t\t\t<\/div>\n\t\t<\/section>\n\t\t\t\t<section class=\"elementor-section elementor-top-section elementor-element elementor-element-0770e25 elementor-section-boxed elementor-section-height-default elementor-section-height-default\" data-id=\"0770e25\" data-element_type=\"section\" data-e-type=\"section\">\n\t\t\t\t\t\t<div class=\"elementor-container elementor-column-gap-default\">\n\t\t\t\t\t<div class=\"elementor-column elementor-col-100 elementor-top-column elementor-element elementor-element-1063d4e\" data-id=\"1063d4e\" data-element_type=\"column\" data-e-type=\"column\">\n\t\t\t<div class=\"elementor-widget-wrap elementor-element-populated\">\n\t\t\t\t\t\t<div class=\"elementor-element elementor-element-bbf1ef9 elementor-widget elementor-widget-text-editor\" data-id=\"bbf1ef9\" data-element_type=\"widget\" data-e-type=\"widget\" data-widget_type=\"text-editor.default\">\n\t\t\t\t<div class=\"elementor-widget-container\">\n\t\t\t\t\t\t\t\t\t<h2 data-start=\"3422\" data-end=\"3445\">1. Widerrufsfrist<\/h2>\n<p data-start=\"3447\" data-end=\"3515\">Die Widerrufsfrist betr\u00e4gt 14 Tage ab dem Tag, an dem du die Ware erh\u00e4ltst.<\/p>\n<hr data-start=\"3517\" data-end=\"3520\">\n<h2 data-start=\"3522\" data-end=\"3554\">2. So \u00fcbst du dein Recht aus<\/h2>\n<p data-start=\"3556\" data-end=\"3597\">Um den Widerruf auszu\u00fcben, musst du uns per E-Mail informieren:<\/p>\n<p data-start=\"3599\" data-end=\"3625\"><a class=\"decorated-link cursor-pointer\" rel=\"noopener\" data-start=\"3599\" data-end=\"3623\">support@klickkauf.it.com<\/a><\/p>\n<p data-start=\"3627\" data-end=\"3681\">Gib bitte deine Bestellnummer und eine Widerrufserkl\u00e4rung an.<\/p>\n<hr data-start=\"3683\" data-end=\"3686\">\n<h2 data-start=\"3688\" data-end=\"3715\">3. Folgen des Widerrufs<\/h2>\n<ul data-start=\"3717\" data-end=\"3902\">\n<li data-start=\"3717\" data-end=\"3772\">\n<p data-start=\"3719\" data-end=\"3772\">Du musst die Ware innerhalb von 14 Tagen nach dem Widerruf zur\u00fccksenden.<\/p>\n<\/li>\n<li data-start=\"3773\" data-end=\"3847\">\n<p data-start=\"3775\" data-end=\"3847\">R\u00fcckerstattungen werden innerhalb von 14 Tagen nach Erhalt der zur\u00fcckgesandten Ware bearbeitet.<\/p>\n<\/li>\n<li data-start=\"3848\" data-end=\"3902\">\n<p data-start=\"3850\" data-end=\"3902\">Die R\u00fcckerstattung erfolgt \u00fcber die urspr\u00fcngliche Zahlungsmethode.<\/p>\n<\/li>\n<\/ul>\n<hr data-start=\"3904\" data-end=\"3907\">\n<h2 data-start=\"3909\" data-end=\"3936\">4. R\u00fccksendekosten<\/h2>\n<p data-start=\"3938\" data-end=\"4020\">Die Kunden tragen die R\u00fccksendekosten, es sei denn, das Produkt ist defekt oder falsch.<\/p>\n<hr data-start=\"4022\" data-end=\"4025\">\n<h2 data-start=\"4027\" data-end=\"4053\">5. Nicht r\u00fcckgabef\u00e4hige Artikel<\/h2>\n<p data-start=\"4055\" data-end=\"4083\">Artikel k\u00f6nnen nicht zur\u00fcckgegeben werden, wenn sie:<\/p>\n<ul data-start=\"4085\" data-end=\"4187\">\n<li data-start=\"4085\" data-end=\"4116\">\n<p data-start=\"4087\" data-end=\"4116\">vom Kunden benutzt oder besch\u00e4digt wurden<\/p>\n<\/li>\n<li data-start=\"4117\" data-end=\"4146\">\n<p data-start=\"4119\" data-end=\"4146\">sich nicht im Originalzustand befinden<\/p>\n<\/li>\n<li data-start=\"4147\" data-end=\"4187\">\n<p data-start=\"4149\" data-end=\"4187\">Hygieneartikel sind, die bereits ge\u00f6ffnet wurden<\/p>\n<\/li>\n<\/ul>\t\t\t\t\t\t\t\t<\/div>\n\t\t\t\t<\/div>\n\t\t\t\t\t<\/div>\n\t\t<\/div>\n\t\t\t\t\t<\/div>\n\t\t<\/section>\n\t\t\t\t<\/div>\n\t\t","protected":false},"excerpt":{"rendered":"<p>1. Widerrufsfrist Die Widerrufsfrist betr\u00e4gt 14 Tage ab dem Tag, an dem du die Ware erh\u00e4ltst. 2. So \u00fcbst du dein Recht aus Um den Widerruf auszu\u00fcben, musst du uns per E-Mail informieren: support@klickkauf.it.com Gib bitte deine Bestellnummer und eine Widerrufserkl\u00e4rung an. 3. Folgen des Widerrufs Du musst die Ware innerhalb von 14 Tagen nach [&hellip;]<\/p>\n","protected":false},"author":1,"featured_media":0,"parent":0,"menu_order":0,"comment_status":"closed","ping_status":"closed","template":"elementor_header_footer","meta":{"_uag_custom_page_level_css":"","site-sidebar-layout":"default","site-content-layout":"","ast-site-content-layout":"default","site-content-style":"default","site-sidebar-style":"default","ast-global-header-display":"","ast-banner-title-visibility":"","ast-main-header-display":"","ast-hfb-above-header-display":"","ast-hfb-below-header-display":"","ast-hfb-mobile-header-display":"","site-post-title":"","ast-breadcrumbs-content":"","ast-featured-img":"","footer-sml-layout":"","ast-disable-related-posts":"","theme-transparent-header-meta":"","adv-header-id-meta":"","stick-header-meta":"","header-above-stick-meta":"","header-main-stick-meta":"","header-below-stick-meta":"","astra-migrate-meta-layouts":"default","ast-page-background-enabled":"default","ast-page-background-meta":{"desktop":{"background-color":"var(--ast-global-color-4)","background-image":"","background-repeat":"repeat","background-position":"center center","background-size":"auto","background-attachment":"scroll","background-type":"","background-media":"","overlay-type":"","overlay-color":"","overlay-opacity":"","overlay-gradient":""},"tablet":{"background-color":"","background-image":"","background-repeat":"repeat","background-position":"center center","background-size":"auto","background-attachment":"scroll","background-type":"","background-media":"","overlay-type":"","overlay-color":"","overlay-opacity":"","overlay-gradient":""},"mobile":{"background-color":"","background-image":"","background-repeat":"repeat","background-position":"center center","background-size":"auto","background-attachment":"scroll","background-type":"","background-media":"","overlay-type":"","overlay-color":"","overlay-opacity":"","overlay-gradient":""}},"ast-content-background-meta":{"desktop":{"background-color":"var(--ast-global-color-5)","background-image":"","background-repeat":"repeat","background-position":"center center","background-size":"auto","background-attachment":"scroll","background-type":"","background-media":"","overlay-type":"","overlay-color":"","overlay-opacity":"","overlay-gradient":""},"tablet":{"background-color":"var(--ast-global-color-5)","background-image":"","background-repeat":"repeat","background-position":"center center","background-size":"auto","background-attachment":"scroll","background-type":"","background-media":"","overlay-type":"","overlay-color":"","overlay-opacity":"","overlay-gradient":""},"mobile":{"background-color":"var(--ast-global-color-5)","background-image":"","background-repeat":"repeat","background-position":"center center","background-size":"auto","background-attachment":"scroll","background-type":"","background-media":"","overlay-type":"","overlay-color":"","overlay-opacity":"","overlay-gradient":""}},"footnotes":""},"class_list":["post-2274","page","type-page","status-publish","hentry"],"spectra_custom_meta":{"surerank_seo_checks":["a:13:{s:14:\"h2_subheadings\";a:3:{s:6:\"status\";s:7:\"success\";s:7:\"message\";s:38:\"Page contains at least one subheading.\";s:4:\"type\";s:4:\"page\";}s:13:\"media_present\";a:3:{s:6:\"status\";s:7:\"warning\";s:7:\"message\";s:39:\"No images or videos found on this page.\";s:4:\"type\";s:4:\"page\";}s:13:\"links_present\";a:3:{s:6:\"status\";s:7:\"warning\";s:7:\"message\";s:27:\"No links found on the page.\";s:4:\"type\";s:4:\"page\";}s:10:\"url_length\";a:3:{s:6:\"status\";s:7:\"success\";s:7:\"message\";s:35:\"Page URL is short and SEO-friendly.\";s:4:\"type\";s:4:\"page\";}s:19:\"search_engine_title\";a:3:{s:6:\"status\";s:7:\"success\";s:7:\"message\";s:55:\"Search engine title is present and under 60 characters.\";s:4:\"type\";s:4:\"page\";}s:25:\"search_engine_description\";a:3:{s:6:\"status\";s:7:\"success\";s:7:\"message\";s:62:\"Search engine description is present and under 160 characters.\";s:4:\"type\";s:4:\"page\";}s:13:\"canonical_url\";a:3:{s:6:\"status\";s:7:\"success\";s:7:\"message\";s:37:\"Canonical tag is present on the page.\";s:4:\"type\";s:4:\"page\";}s:15:\"open_graph_tags\";a:3:{s:6:\"status\";s:7:\"success\";s:7:\"message\";s:40:\"Open Graph tags are present on the page.\";s:4:\"type\";s:4:\"page\";}s:16:\"keyword_in_title\";a:3:{s:6:\"status\";s:10:\"suggestion\";s:7:\"message\";s:38:\"No focus keyword set to analyze title.\";s:4:\"type\";s:7:\"keyword\";}s:22:\"keyword_in_description\";a:3:{s:6:\"status\";s:10:\"suggestion\";s:7:\"message\";s:49:\"No focus keyword set to analyze meta description.\";s:4:\"type\";s:7:\"keyword\";}s:14:\"keyword_in_url\";a:3:{s:6:\"status\";s:10:\"suggestion\";s:7:\"message\";s:36:\"No focus keyword set to analyze URL.\";s:4:\"type\";s:7:\"keyword\";}s:18:\"keyword_in_content\";a:3:{s:6:\"status\";s:10:\"suggestion\";s:7:\"message\";s:40:\"No focus keyword set to analyze content.\";s:4:\"type\";s:7:\"keyword\";}s:12:\"broken_links\";a:2:{s:6:\"status\";s:7:\"success\";s:7:\"message\";s:34:\"No broken links found on the page.\";}}"],"surerank_seo_checks_last_updated":["1772180375"],"_last_translation_edit_mode":["translation-editor"],"_elementor_edit_mode":["builder"],"_elementor_template_type":["wp-page"],"_elementor_version":["3.35.5"],"ast-main-header-display":[""],"ast-hfb-above-header-display":[""],"ast-hfb-below-header-display":[""],"ast-hfb-mobile-header-display":[""],"adv-header-id-meta":[""],"footer-sml-layout":[""],"stick-header-meta":[""],"header-main-stick-meta":[""],"header-above-stick-meta":[""],"header-below-stick-meta":[""],"site-sidebar-layout":["default"],"site-content-layout":[""],"ast-featured-img":[""],"ast-breadcrumbs-content":[""],"theme-transparent-header-meta":[""],"ast-banner-title-visibility":[""],"ast-global-header-display":[""],"ast-site-content-layout":["default"],"site-content-style":["default"],"site-sidebar-style":["default"],"_top_nav_excluded":[""],"_cms_nav_minihome":[""],"_wp_page_template":["elementor_header_footer"],"_elementor_page_settings":["a:0:{}"],"_elementor_data":["[{\"id\":\"44a0a90a\",\"elType\":\"section\",\"settings\":{\"display_condition_list\":[{\"display_condition_login_status\":\"subscriber\",\"_id\":\"a22c09c\"}]},\"elements\":[{\"id\":\"19258bab\",\"elType\":\"column\",\"settings\":{\"_column_size\":100,\"display_condition_list\":[{\"display_condition_login_status\":\"subscriber\",\"_id\":\"c7e34bd\"}]},\"elements\":[{\"id\":\"6d0203ba\",\"elType\":\"widget\",\"settings\":{\"editor\":\"\",\"display_condition_list\":[{\"display_condition_login_status\":\"subscriber\",\"_id\":\"05eceaa\"}]},\"elements\":[],\"widgetType\":\"text-editor\"}],\"isInner\":false}],\"isInner\":false},{\"id\":\"0770e25\",\"elType\":\"section\",\"settings\":{\"display_condition_list\":[{\"display_condition_login_status\":\"subscriber\",\"_id\":\"a96b929\"}]},\"elements\":[{\"id\":\"1063d4e\",\"elType\":\"column\",\"settings\":{\"_column_size\":100,\"_inline_size\":null,\"display_condition_list\":[{\"display_condition_login_status\":\"subscriber\",\"_id\":\"0e6bbb6\"}]},\"elements\":[{\"id\":\"bbf1ef9\",\"elType\":\"widget\",\"settings\":{\"editor\":\"<h2 data-start=\\\"3422\\\" data-end=\\\"3445\\\">1. Widerrufsfrist<\\\/h2>\\n<p data-start=\\\"3447\\\" data-end=\\\"3515\\\">Die Widerrufsfrist betr\\u00e4gt 14 Tage ab dem Tag, an dem du die Ware erh\\u00e4ltst.<\\\/p>\\n<hr data-start=\\\"3517\\\" data-end=\\\"3520\\\">\\n<h2 data-start=\\\"3522\\\" data-end=\\\"3554\\\">2. So \\u00fcbst du dein Recht aus<\\\/h2>\\n<p data-start=\\\"3556\\\" data-end=\\\"3597\\\">Um den Widerruf auszu\\u00fcben, musst du uns per E-Mail informieren:<\\\/p>\\n<p data-start=\\\"3599\\\" data-end=\\\"3625\\\"><a class=\\\"decorated-link cursor-pointer\\\" rel=\\\"noopener\\\" data-start=\\\"3599\\\" data-end=\\\"3623\\\">support@klickkauf.it.com<\\\/a><\\\/p>\\n<p data-start=\\\"3627\\\" data-end=\\\"3681\\\">Gib bitte deine Bestellnummer und eine Widerrufserkl\\u00e4rung an.<\\\/p>\\n<hr data-start=\\\"3683\\\" data-end=\\\"3686\\\">\\n<h2 data-start=\\\"3688\\\" data-end=\\\"3715\\\">3. Folgen des Widerrufs<\\\/h2>\\n<ul data-start=\\\"3717\\\" data-end=\\\"3902\\\">\\n<li data-start=\\\"3717\\\" data-end=\\\"3772\\\">\\n<p data-start=\\\"3719\\\" data-end=\\\"3772\\\">Du musst die Ware innerhalb von 14 Tagen nach dem Widerruf zur\\u00fccksenden.<\\\/p>\\n<\\\/li>\\n<li data-start=\\\"3773\\\" data-end=\\\"3847\\\">\\n<p data-start=\\\"3775\\\" data-end=\\\"3847\\\">R\\u00fcckerstattungen werden innerhalb von 14 Tagen nach Erhalt der zur\\u00fcckgesandten Ware bearbeitet.<\\\/p>\\n<\\\/li>\\n<li data-start=\\\"3848\\\" data-end=\\\"3902\\\">\\n<p data-start=\\\"3850\\\" data-end=\\\"3902\\\">Die R\\u00fcckerstattung erfolgt \\u00fcber die urspr\\u00fcngliche Zahlungsmethode.<\\\/p>\\n<\\\/li>\\n<\\\/ul>\\n<hr data-start=\\\"3904\\\" data-end=\\\"3907\\\">\\n<h2 data-start=\\\"3909\\\" data-end=\\\"3936\\\">4. R\\u00fccksendekosten<\\\/h2>\\n<p data-start=\\\"3938\\\" data-end=\\\"4020\\\">Die Kunden tragen die R\\u00fccksendekosten, es sei denn, das Produkt ist defekt oder falsch.<\\\/p>\\n<hr data-start=\\\"4022\\\" data-end=\\\"4025\\\">\\n<h2 data-start=\\\"4027\\\" data-end=\\\"4053\\\">5. Nicht r\\u00fcckgabef\\u00e4hige Artikel<\\\/h2>\\n<p data-start=\\\"4055\\\" data-end=\\\"4083\\\">Artikel k\\u00f6nnen nicht zur\\u00fcckgegeben werden, wenn sie:<\\\/p>\\n<ul data-start=\\\"4085\\\" data-end=\\\"4187\\\">\\n<li data-start=\\\"4085\\\" data-end=\\\"4116\\\">\\n<p data-start=\\\"4087\\\" data-end=\\\"4116\\\">vom Kunden benutzt oder besch\\u00e4digt wurden<\\\/p>\\n<\\\/li>\\n<li data-start=\\\"4117\\\" data-end=\\\"4146\\\">\\n<p data-start=\\\"4119\\\" data-end=\\\"4146\\\">sich nicht im Originalzustand befinden<\\\/p>\\n<\\\/li>\\n<li data-start=\\\"4147\\\" data-end=\\\"4187\\\">\\n<p data-start=\\\"4149\\\" data-end=\\\"4187\\\">Hygieneartikel sind, die bereits ge\\u00f6ffnet wurden<\\\/p>\\n<\\\/li>\\n<\\\/ul>\",\"display_condition_list\":[{\"display_condition_login_status\":\"subscriber\",\"_id\":\"9db4871\"}]},\"elements\":[],\"widgetType\":\"text-editor\"}],\"isInner\":false}],\"isInner\":false}]"],"_elementor_template_widget_type":[""],"_elementor_popup_display_settings":[""],"_fl_builder_enabled":[""],"_wpml_word_count":["149"],"astra_style_timestamp_css":["1774673924"],"_uag_css_file_name":["uag-css-2274.css"],"litespeed_vpi_list":["a:1:{i:0;s:31:\"cropped-klickkauf-W--106x35.png\";}"],"litespeed_vpi_list_mobile":["a:1:{i:0;s:31:\"cropped-klickkauf-W--106x35.png\";}"],"_uag_page_assets":["a:9:{s:3:\"css\";s:0:\"\";s:2:\"js\";s:0:\"\";s:18:\"current_block_list\";a:14:{i:0;s:11:\"core\/search\";i:1;s:10:\"core\/group\";i:2;s:12:\"core\/heading\";i:3;s:17:\"core\/latest-posts\";i:4;s:20:\"core\/latest-comments\";i:5;s:13:\"core\/archives\";i:6;s:15:\"core\/categories\";i:7;s:30:\"woocommerce\/product-categories\";i:8;s:26:\"woocommerce\/filter-wrapper\";i:9;s:24:\"woocommerce\/price-filter\";i:10;s:11:\"core\/spacer\";i:11;s:18:\"core\/legacy-widget\";i:13;s:25:\"woocommerce\/rating-filter\";i:15;s:10:\"core\/image\";}s:8:\"uag_flag\";b:0;s:11:\"uag_version\";s:10:\"1775751162\";s:6:\"gfonts\";a:0:{}s:10:\"gfonts_url\";s:0:\"\";s:12:\"gfonts_files\";a:0:{}s:14:\"uag_faq_layout\";b:0;}"],"_elementor_page_assets":["a:1:{s:7:\"scripts\";a:1:{i:0;s:18:\"elementor-frontend\";}}"],"_elementor_css":["a:7:{s:4:\"time\";i:1776964038;s:5:\"fonts\";a:0:{}s:5:\"icons\";a:0:{}s:20:\"dynamic_elements_ids\";a:0:{}s:6:\"status\";s:5:\"empty\";i:0;s:0:\"\";s:3:\"css\";s:0:\"\";}"],"_elementor_element_cache":["{\"timeout\":1777394888,\"value\":{\"content\":\"\\t\\t<section class=\\\"elementor-section elementor-top-section elementor-element elementor-element-44a0a90a elementor-section-boxed elementor-section-height-default elementor-section-height-default\\\" data-id=\\\"44a0a90a\\\" data-element_type=\\\"section\\\" data-e-type=\\\"section\\\">\\n\\t\\t\\t\\t\\t\\t<div class=\\\"elementor-container elementor-column-gap-default\\\">\\n\\t\\t\\t\\t\\t<div class=\\\"elementor-column elementor-col-100 elementor-top-column elementor-element elementor-element-19258bab\\\" data-id=\\\"19258bab\\\" data-element_type=\\\"column\\\" data-e-type=\\\"column\\\">\\n\\t\\t\\t<div class=\\\"elementor-widget-wrap elementor-element-populated\\\">\\n\\t\\t\\t\\t[elementor-element k=\\\"0f2cb86175ed53d052e7e25380f9c7e1\\\" data=\\\"eyJpZCI6IjZkMDIwM2JhIiwiZWxUeXBlIjoid2lkZ2V0Iiwic2V0dGluZ3MiOnsiZWRpdG9yIjoiIiwiZGlzcGxheV9jb25kaXRpb25fbGlzdCI6W3siZGlzcGxheV9jb25kaXRpb25fbG9naW5fc3RhdHVzIjoic3Vic2NyaWJlciIsIl9pZCI6IjA1ZWNlYWEifV19LCJlbGVtZW50cyI6W10sIndpZGdldFR5cGUiOiJ0ZXh0LWVkaXRvciJ9\\\"]\\t\\t\\t<\\\/div>\\n\\t\\t<\\\/div>\\n\\t\\t\\t\\t\\t<\\\/div>\\n\\t\\t<\\\/section>\\n\\t\\t\\t\\t<section class=\\\"elementor-section elementor-top-section elementor-element elementor-element-0770e25 elementor-section-boxed elementor-section-height-default elementor-section-height-default\\\" data-id=\\\"0770e25\\\" data-element_type=\\\"section\\\" data-e-type=\\\"section\\\">\\n\\t\\t\\t\\t\\t\\t<div class=\\\"elementor-container elementor-column-gap-default\\\">\\n\\t\\t\\t\\t\\t<div class=\\\"elementor-column elementor-col-100 elementor-top-column elementor-element elementor-element-1063d4e\\\" data-id=\\\"1063d4e\\\" data-element_type=\\\"column\\\" data-e-type=\\\"column\\\">\\n\\t\\t\\t<div class=\\\"elementor-widget-wrap elementor-element-populated\\\">\\n\\t\\t\\t\\t[elementor-element k=\\\"0f2cb86175ed53d052e7e25380f9c7e1\\\" data=\\\"eyJpZCI6ImJiZjFlZjkiLCJlbFR5cGUiOiJ3aWRnZXQiLCJzZXR0aW5ncyI6eyJlZGl0b3IiOiI8aDIgZGF0YS1zdGFydD1cIjM0MjJcIiBkYXRhLWVuZD1cIjM0NDVcIj4xLiBXaWRlcnJ1ZnNmcmlzdDxcL2gyPlxuPHAgZGF0YS1zdGFydD1cIjM0NDdcIiBkYXRhLWVuZD1cIjM1MTVcIj5EaWUgV2lkZXJydWZzZnJpc3QgYmV0clx1MDBlNGd0IDE0IFRhZ2UgYWIgZGVtIFRhZywgYW4gZGVtIGR1IGRpZSBXYXJlIGVyaFx1MDBlNGx0c3QuPFwvcD5cbjxociBkYXRhLXN0YXJ0PVwiMzUxN1wiIGRhdGEtZW5kPVwiMzUyMFwiPlxuPGgyIGRhdGEtc3RhcnQ9XCIzNTIyXCIgZGF0YS1lbmQ9XCIzNTU0XCI+Mi4gU28gXHUwMGZjYnN0IGR1IGRlaW4gUmVjaHQgYXVzPFwvaDI+XG48cCBkYXRhLXN0YXJ0PVwiMzU1NlwiIGRhdGEtZW5kPVwiMzU5N1wiPlVtIGRlbiBXaWRlcnJ1ZiBhdXN6dVx1MDBmY2JlbiwgbXVzc3QgZHUgdW5zIHBlciBFLU1haWwgaW5mb3JtaWVyZW46PFwvcD5cbjxwIGRhdGEtc3RhcnQ9XCIzNTk5XCIgZGF0YS1lbmQ9XCIzNjI1XCI+PGEgY2xhc3M9XCJkZWNvcmF0ZWQtbGluayBjdXJzb3ItcG9pbnRlclwiIHJlbD1cIm5vb3BlbmVyXCIgZGF0YS1zdGFydD1cIjM1OTlcIiBkYXRhLWVuZD1cIjM2MjNcIj5zdXBwb3J0QGtsaWNra2F1Zi5pdC5jb208XC9hPjxcL3A+XG48cCBkYXRhLXN0YXJ0PVwiMzYyN1wiIGRhdGEtZW5kPVwiMzY4MVwiPkdpYiBiaXR0ZSBkZWluZSBCZXN0ZWxsbnVtbWVyIHVuZCBlaW5lIFdpZGVycnVmc2Vya2xcdTAwZTRydW5nIGFuLjxcL3A+XG48aHIgZGF0YS1zdGFydD1cIjM2ODNcIiBkYXRhLWVuZD1cIjM2ODZcIj5cbjxoMiBkYXRhLXN0YXJ0PVwiMzY4OFwiIGRhdGEtZW5kPVwiMzcxNVwiPjMuIEZvbGdlbiBkZXMgV2lkZXJydWZzPFwvaDI+XG48dWwgZGF0YS1zdGFydD1cIjM3MTdcIiBkYXRhLWVuZD1cIjM5MDJcIj5cbjxsaSBkYXRhLXN0YXJ0PVwiMzcxN1wiIGRhdGEtZW5kPVwiMzc3MlwiPlxuPHAgZGF0YS1zdGFydD1cIjM3MTlcIiBkYXRhLWVuZD1cIjM3NzJcIj5EdSBtdXNzdCBkaWUgV2FyZSBpbm5lcmhhbGIgdm9uIDE0IFRhZ2VuIG5hY2ggZGVtIFdpZGVycnVmIHp1clx1MDBmY2Nrc2VuZGVuLjxcL3A+XG48XC9saT5cbjxsaSBkYXRhLXN0YXJ0PVwiMzc3M1wiIGRhdGEtZW5kPVwiMzg0N1wiPlxuPHAgZGF0YS1zdGFydD1cIjM3NzVcIiBkYXRhLWVuZD1cIjM4NDdcIj5SXHUwMGZjY2tlcnN0YXR0dW5nZW4gd2VyZGVuIGlubmVyaGFsYiB2b24gMTQgVGFnZW4gbmFjaCBFcmhhbHQgZGVyIHp1clx1MDBmY2NrZ2VzYW5kdGVuIFdhcmUgYmVhcmJlaXRldC48XC9wPlxuPFwvbGk+XG48bGkgZGF0YS1zdGFydD1cIjM4NDhcIiBkYXRhLWVuZD1cIjM5MDJcIj5cbjxwIGRhdGEtc3RhcnQ9XCIzODUwXCIgZGF0YS1lbmQ9XCIzOTAyXCI+RGllIFJcdTAwZmNja2Vyc3RhdHR1bmcgZXJmb2xndCBcdTAwZmNiZXIgZGllIHVyc3ByXHUwMGZjbmdsaWNoZSBaYWhsdW5nc21ldGhvZGUuPFwvcD5cbjxcL2xpPlxuPFwvdWw+XG48aHIgZGF0YS1zdGFydD1cIjM5MDRcIiBkYXRhLWVuZD1cIjM5MDdcIj5cbjxoMiBkYXRhLXN0YXJ0PVwiMzkwOVwiIGRhdGEtZW5kPVwiMzkzNlwiPjQuIFJcdTAwZmNja3NlbmRla29zdGVuPFwvaDI+XG48cCBkYXRhLXN0YXJ0PVwiMzkzOFwiIGRhdGEtZW5kPVwiNDAyMFwiPkRpZSBLdW5kZW4gdHJhZ2VuIGRpZSBSXHUwMGZjY2tzZW5kZWtvc3RlbiwgZXMgc2VpIGRlbm4sIGRhcyBQcm9kdWt0IGlzdCBkZWZla3Qgb2RlciBmYWxzY2guPFwvcD5cbjxociBkYXRhLXN0YXJ0PVwiNDAyMlwiIGRhdGEtZW5kPVwiNDAyNVwiPlxuPGgyIGRhdGEtc3RhcnQ9XCI0MDI3XCIgZGF0YS1lbmQ9XCI0MDUzXCI+NS4gTmljaHQgclx1MDBmY2NrZ2FiZWZcdTAwZTRoaWdlIEFydGlrZWw8XC9oMj5cbjxwIGRhdGEtc3RhcnQ9XCI0MDU1XCIgZGF0YS1lbmQ9XCI0MDgzXCI+QXJ0aWtlbCBrXHUwMGY2bm5lbiBuaWNodCB6dXJcdTAwZmNja2dlZ2ViZW4gd2VyZGVuLCB3ZW5uIHNpZTo8XC9wPlxuPHVsIGRhdGEtc3RhcnQ9XCI0MDg1XCIgZGF0YS1lbmQ9XCI0MTg3XCI+XG48bGkgZGF0YS1zdGFydD1cIjQwODVcIiBkYXRhLWVuZD1cIjQxMTZcIj5cbjxwIGRhdGEtc3RhcnQ9XCI0MDg3XCIgZGF0YS1lbmQ9XCI0MTE2XCI+dm9tIEt1bmRlbiBiZW51dHp0IG9kZXIgYmVzY2hcdTAwZTRkaWd0IHd1cmRlbjxcL3A+XG48XC9saT5cbjxsaSBkYXRhLXN0YXJ0PVwiNDExN1wiIGRhdGEtZW5kPVwiNDE0NlwiPlxuPHAgZGF0YS1zdGFydD1cIjQxMTlcIiBkYXRhLWVuZD1cIjQxNDZcIj5zaWNoIG5pY2h0IGltIE9yaWdpbmFsenVzdGFuZCBiZWZpbmRlbjxcL3A+XG48XC9saT5cbjxsaSBkYXRhLXN0YXJ0PVwiNDE0N1wiIGRhdGEtZW5kPVwiNDE4N1wiPlxuPHAgZGF0YS1zdGFydD1cIjQxNDlcIiBkYXRhLWVuZD1cIjQxODdcIj5IeWdpZW5lYXJ0aWtlbCBzaW5kLCBkaWUgYmVyZWl0cyBnZVx1MDBmNmZmbmV0IHd1cmRlbjxcL3A+XG48XC9saT5cbjxcL3VsPiIsImRpc3BsYXlfY29uZGl0aW9uX2xpc3QiOlt7ImRpc3BsYXlfY29uZGl0aW9uX2xvZ2luX3N0YXR1cyI6InN1YnNjcmliZXIiLCJfaWQiOiI5ZGI0ODcxIn1dfSwiZWxlbWVudHMiOltdLCJ3aWRnZXRUeXBlIjoidGV4dC1lZGl0b3IifQ==\\\"]\\t\\t\\t<\\\/div>\\n\\t\\t<\\\/div>\\n\\t\\t\\t\\t\\t<\\\/div>\\n\\t\\t<\\\/section>\\n\\t\\t\",\"scripts\":[],\"styles\":[]}}"]},"uagb_featured_image_src":{"full":false,"thumbnail":false,"medium":false,"medium_large":false,"large":false,"1536x1536":false,"2048x2048":false,"woocommerce_thumbnail":false,"woocommerce_single":false,"woocommerce_gallery_thumbnail":false},"uagb_author_info":{"display_name":"admin","author_link":"https:\/\/klickkauf.it.com\/de\/author\/davisryan822_wd25jsm6\/"},"uagb_comment_info":0,"uagb_excerpt":"1. Widerrufsfrist Die Widerrufsfrist betr\u00e4gt 14 Tage ab dem Tag, an dem du die Ware erh\u00e4ltst. 2. So \u00fcbst du dein Recht aus Um den Widerruf auszu\u00fcben, musst du uns per E-Mail informieren: support@klickkauf.it.com Gib bitte deine Bestellnummer und eine Widerrufserkl\u00e4rung an. 3. Folgen des Widerrufs Du musst die Ware innerhalb von 14 Tagen nach&hellip;","_links":{"self":[{"href":"https:\/\/klickkauf.it.com\/de\/wp-json\/wp\/v2\/pages\/2274","targetHints":{"allow":["GET"]}}],"collection":[{"href":"https:\/\/klickkauf.it.com\/de\/wp-json\/wp\/v2\/pages"}],"about":[{"href":"https:\/\/klickkauf.it.com\/de\/wp-json\/wp\/v2\/types\/page"}],"author":[{"embeddable":true,"href":"https:\/\/klickkauf.it.com\/de\/wp-json\/wp\/v2\/users\/1"}],"replies":[{"embeddable":true,"href":"https:\/\/klickkauf.it.com\/de\/wp-json\/wp\/v2\/comments?post=2274"}],"version-history":[{"count":0,"href":"https:\/\/klickkauf.it.com\/de\/wp-json\/wp\/v2\/pages\/2274\/revisions"}],"wp:attachment":[{"href":"https:\/\/klickkauf.it.com\/de\/wp-json\/wp\/v2\/media?parent=2274"}],"curies":[{"name":"wp","href":"https:\/\/api.w.org\/{rel}","templated":true}]}}