{"id":2309,"date":"2026-02-27T06:34:58","date_gmt":"2026-02-27T06:34:58","guid":{"rendered":"https:\/\/klickkauf.it.com\/product\/24-teiliges-premium-glas-frischhaltedosen-set\/"},"modified":"2026-02-28T13:20:29","modified_gmt":"2026-02-28T13:20:29","slug":"24-teiliges-premium-glas-frischhaltedosen-set","status":"publish","type":"product","link":"https:\/\/klickkauf.it.com\/de\/produkt\/24-teiliges-premium-glas-frischhaltedosen-set\/","title":{"rendered":"24-teiliges Premium Glas-Frischhaltedosen-Set"},"content":{"rendered":"<p>Die Beh\u00e4lter halten schnellen Temperaturwechseln stand, ohne sich zu verformen oder zu rei\u00dfen<\/p>\n<p>Glasbeh\u00e4lter, die resistent gegen Flecken und Ger\u00fcche sind<\/p>\n<p>Luftdichter Verschluss f\u00fcr langanhaltende Frische<\/p>\n<p>Glatte Oberfl\u00e4che, die den Geschmack auch bei langfristiger Nutzung bewahrt<\/p>\n<p>100 % auslaufsichere Glasbeh\u00e4lter f\u00fcr die Essensvorgabe<\/p>\n<p>Perfekt f\u00fcr unterwegs &amp; vom Gefrierfach direkt in den Ofen<\/p>\n<p>12 Beh\u00e4lter mit 12 Deckeln in verschiedenen Gr\u00f6\u00dfen<\/p>\n<p>Aus hochwertigem Borosilikatglas gefertigt<\/p>\n<p>Sicherer Wechsel vom Gefrierfach in den Ofen im Handumdrehen<\/p>\n<p>Die Beh\u00e4lter sind sp\u00fclmaschinenfest.<\/p>\n<p>Umweltfreundlich und frei von sch\u00e4dlichen Chemikalien<\/p>\n<p>Einfach zu reinigen und zu verstauen<\/p>\n<p>Deckel aus BPA-freiem Kunststoff<\/p>\n<p>Neu entwickelte Klickverschluss-Technologie<\/p>\n<p>Stapelbares Design<\/p>\n<p>Verschl\u00fcsse mit abnehmbarer Dichtung<\/p>\n<p>Ofen-, mikrowellen- und gefriergeeignet<\/p>\n<p>Resistent gegen Flecken und Ger\u00fcche<\/p>\n<p>Luftdichter und auslaufsicherer 4-fach-Klickverschluss<\/p>\n<p>Lieferumfang:<\/p>\n<p>(2) 355 ml mit Deckel<\/p>\n<p>(1) 635 ml mit Deckel<\/p>\n<p>(1) 1 l mit Deckel<\/p>\n<p>(2) 325 ml mit Deckel<\/p>\n<p>(1) 515 ml mit Deckel<\/p>\n<p>(1) 800 ml mit Deckel<\/p>\n<p>(2) 400 ml mit Deckel<\/p>\n<p>(1) 635 ml mit Deckel<\/p>\n<p>(1) 945 ml mit Deckel<\/p>\n<p>Technische Daten:<\/p>\n<p>Material: Hochwertiges Glas<\/p>\n<p>Form: Rechteckig + Quadratisch + Rund<\/p>\n<p>Deckeltyp: Deckel mit Klickverschluss<\/p>\n<p>Ma\u00dfe (L x B x H):<\/p>\n<p>355 ml mit Deckel: 15,8 x 11,9 x 5,6 cm<\/p>\n<p>635 ml mit Deckel: 18,2 x 13,8 x 6,3 cm<\/p>\n<p>1 l mit Deckel: 20,8 x 15,8 x 6,9 cm<\/p>\n<p>325 ml mit Deckel: 12,5 x 12,5 x 5,7 cm<\/p>\n<p>515 ml mit Deckel: 14,3 x 14,3 x 6,2 cm<\/p>\n<p>800 ml mit Deckel: 16,3 x 16,3 x 6,8 cm<\/p>\n<p>400 ml mit Deckel: 14,1 x 14,1 x 6 cm<\/p>\n<p>635 ml mit Deckel: 16,1 x 16,1 x 6,9 cm<\/p>\n<p>945 ml mit Deckel: 18,3 x 18,3 x 7,4 cm<\/p>\n","protected":false},"excerpt":{"rendered":"<p>Die Beh\u00e4lter halten schnellen Temperaturwechseln stand, ohne sich zu verformen oder zu rei\u00dfen Glasbeh\u00e4lter, die resistent gegen Flecken und Ger\u00fcche sind Luftdichter Verschluss f\u00fcr langanhaltende Frische Glatte Oberfl\u00e4che, die den Geschmack auch bei langfristiger Nutzung bewahrt 100 % auslaufsichere Glasbeh\u00e4lter f\u00fcr die Essensvorgabe Perfekt f\u00fcr unterwegs &amp; vom Gefrierfach direkt in den Ofen 12 Beh\u00e4lter [&hellip;]<\/p>\n","protected":false},"featured_media":2174,"comment_status":"open","ping_status":"closed","template":"","meta":{"_uag_custom_page_level_css":"","site-sidebar-layout":"default","site-content-layout":"","ast-site-content-layout":"default","site-content-style":"default","site-sidebar-style":"default","ast-global-header-display":"","ast-banner-title-visibility":"","ast-main-header-display":"","ast-hfb-above-header-display":"","ast-hfb-below-header-display":"","ast-hfb-mobile-header-display":"","site-post-title":"","ast-breadcrumbs-content":"","ast-featured-img":"","footer-sml-layout":"","ast-disable-related-posts":"","theme-transparent-header-meta":"default","adv-header-id-meta":"","stick-header-meta":"","header-above-stick-meta":"","header-main-stick-meta":"","header-below-stick-meta":"","astra-migrate-meta-layouts":"default","ast-page-background-enabled":"default","ast-page-background-meta":{"desktop":{"background-color":"var(--ast-global-color-4)","background-image":"","background-repeat":"repeat","background-position":"center center","background-size":"auto","background-attachment":"scroll","background-type":"","background-media":"","overlay-type":"","overlay-color":"","overlay-opacity":"","overlay-gradient":""},"tablet":{"background-color":"","background-image":"","background-repeat":"repeat","background-position":"center center","background-size":"auto","background-attachment":"scroll","background-type":"","background-media":"","overlay-type":"","overlay-color":"","overlay-opacity":"","overlay-gradient":""},"mobile":{"background-color":"","background-image":"","background-repeat":"repeat","background-position":"center center","background-size":"auto","background-attachment":"scroll","background-type":"","background-media":"","overlay-type":"","overlay-color":"","overlay-opacity":"","overlay-gradient":""}},"ast-content-background-meta":{"desktop":{"background-color":"var(--ast-global-color-5)","background-image":"","background-repeat":"repeat","background-position":"center center","background-size":"auto","background-attachment":"scroll","background-type":"","background-media":"","overlay-type":"","overlay-color":"","overlay-opacity":"","overlay-gradient":""},"tablet":{"background-color":"var(--ast-global-color-5)","background-image":"","background-repeat":"repeat","background-position":"center center","background-size":"auto","background-attachment":"scroll","background-type":"","background-media":"","overlay-type":"","overlay-color":"","overlay-opacity":"","overlay-gradient":""},"mobile":{"background-color":"var(--ast-global-color-5)","background-image":"","background-repeat":"repeat","background-position":"center center","background-size":"auto","background-attachment":"scroll","background-type":"","background-media":"","overlay-type":"","overlay-color":"","overlay-opacity":"","overlay-gradient":""}}},"product_brand":[],"product_cat":[47],"product_tag":[],"class_list":{"0":"post-2309","1":"product","2":"type-product","3":"status-publish","4":"has-post-thumbnail","6":"product_cat-kuchengerate","7":"desktop-align-left","8":"tablet-align-left","9":"mobile-align-left","10":"ast-product-gallery-layout-horizontal-slider","11":"ast-product-tabs-layout-horizontal","13":"first","14":"instock","15":"sale","16":"shipping-taxable","17":"purchasable","18":"product-type-simple"},"spectra_custom_meta":{"surerank_seo_checks":["a:13:{s:14:\"h2_subheadings\";a:3:{s:6:\"status\";s:7:\"warning\";s:7:\"message\";s:45:\"Die Seite enth\u00e4lt keine Unter\u00fcberschriften.\";s:4:\"type\";s:4:\"page\";}s:13:\"media_present\";a:3:{s:6:\"status\";s:7:\"success\";s:7:\"message\";s:69:\"Diese Seite enth\u00e4lt Bilder oder Videos zur Verbesserung des Inhalts.\";s:4:\"type\";s:4:\"page\";}s:13:\"links_present\";a:3:{s:6:\"status\";s:7:\"warning\";s:7:\"message\";s:35:\"Keine Links auf der Seite gefunden.\";s:4:\"type\";s:4:\"page\";}s:10:\"url_length\";a:3:{s:6:\"status\";s:7:\"success\";s:7:\"message\";s:46:\"Die URL der Seite ist kurz und SEO-freundlich.\";s:4:\"type\";s:4:\"page\";}s:19:\"search_engine_title\";a:3:{s:6:\"status\";s:7:\"warning\";s:7:\"message\";s:53:\"Der Titel der Suchmaschine \u00fcberschreitet 60 Zeichen.\";s:4:\"type\";s:4:\"page\";}s:25:\"search_engine_description\";a:3:{s:6:\"status\";s:7:\"success\";s:7:\"message\";s:70:\"Die Beschreibung der Suchmaschine ist vorhanden und unter 160 Zeichen.\";s:4:\"type\";s:4:\"page\";}s:13:\"canonical_url\";a:3:{s:6:\"status\";s:7:\"success\";s:7:\"message\";s:47:\"Das kanonische Tag ist auf der Seite vorhanden.\";s:4:\"type\";s:4:\"page\";}s:15:\"open_graph_tags\";a:3:{s:6:\"status\";s:7:\"success\";s:7:\"message\";s:45:\"Open Graph-Tags sind auf der Seite vorhanden.\";s:4:\"type\";s:4:\"page\";}s:16:\"keyword_in_title\";a:3:{s:6:\"status\";s:10:\"suggestion\";s:7:\"message\";s:64:\"Kein Fokus-Schl\u00fcsselwort zum Analysieren des Titels festgelegt.\";s:4:\"type\";s:7:\"keyword\";}s:22:\"keyword_in_description\";a:3:{s:6:\"status\";s:10:\"suggestion\";s:7:\"message\";s:75:\"Kein Fokus-Schl\u00fcsselwort zum Analysieren der Meta-Beschreibung festgelegt.\";s:4:\"type\";s:7:\"keyword\";}s:14:\"keyword_in_url\";a:3:{s:6:\"status\";s:10:\"suggestion\";s:7:\"message\";s:61:\"Kein Fokus-Schl\u00fcsselwort zum Analysieren der URL festgelegt.\";s:4:\"type\";s:7:\"keyword\";}s:18:\"keyword_in_content\";a:3:{s:6:\"status\";s:10:\"suggestion\";s:7:\"message\";s:65:\"Kein Fokus-Schl\u00fcsselwort zum Analysieren des Inhalts festgelegt.\";s:4:\"type\";s:7:\"keyword\";}s:12:\"broken_links\";a:2:{s:6:\"status\";s:7:\"success\";s:7:\"message\";s:44:\"Keine defekten Links auf der Seite gefunden.\";}}"],"surerank_seo_checks_last_updated":["1774615224"],"_last_translation_edit_mode":["translation-editor"],"_wcml_average_rating":["5.00"],"_wcml_review_count":["1"],"_wcml_rating_count":["a:1:{i:5;i:1;}"],"_backorders":["no"],"_download_limit":["-1"],"_download_expiry":["-1"],"_downloadable":["no"],"_manage_stock":["no"],"_stock_status":["instock"],"_sold_individually":["no"],"_tax_class":[""],"_tax_status":["taxable"],"_virtual":["no"],"total_sales":["0"],"_regular_price":["18.27"],"_sale_price":["6.98"],"_price":["6.98"],"site-sidebar-layout":["default"],"theme-transparent-header-meta":["default"],"ast-site-content-layout":["default"],"site-content-style":["default"],"site-sidebar-style":["default"],"_top_nav_excluded":[""],"_cms_nav_minihome":[""],"_wp_page_template":["default"],"_wpml_word_count":["259"],"astra_style_timestamp_css":["1774997313"],"_uag_css_file_name":["uag-css-2309.css"],"litespeed_vpi_list_mobile":["a:6:{i:0;s:31:\"cropped-klickkauf-W--106x35.png\";i:1;s:17:\"1asd2-300x300.png\";i:2;s:17:\"2dsae-300x300.png\";i:3;s:17:\"3ccds-300x300.png\";i:4;s:17:\"4dasv-300x300.png\";i:5;s:9:\"1asd2.png\";}"],"litespeed_vpi_list":["a:2:{i:0;s:31:\"cropped-klickkauf-W--106x35.png\";i:1;s:9:\"1asd2.png\";}"],"_stock":[null],"_wc_average_rating":["5.00"],"_wc_review_count":["4"],"_product_version":["10.5.2"],"_wc_rating_count":[{"5":1}],"_elementor_page_assets":["a:0:{}"],"_uag_page_assets":["a:9:{s:3:\"css\";s:263:\".uag-blocks-common-selector{z-index:var(--z-index-desktop) !important}@media (max-width: 976px){.uag-blocks-common-selector{z-index:var(--z-index-tablet) !important}}@media (max-width: 767px){.uag-blocks-common-selector{z-index:var(--z-index-mobile) !important}}\n\";s:2:\"js\";s:0:\"\";s:18:\"current_block_list\";a:14:{i:0;s:11:\"core\/search\";i:1;s:10:\"core\/group\";i:2;s:12:\"core\/heading\";i:3;s:17:\"core\/latest-posts\";i:4;s:20:\"core\/latest-comments\";i:5;s:13:\"core\/archives\";i:6;s:15:\"core\/categories\";i:7;s:30:\"woocommerce\/product-categories\";i:8;s:26:\"woocommerce\/filter-wrapper\";i:9;s:24:\"woocommerce\/price-filter\";i:10;s:11:\"core\/spacer\";i:11;s:18:\"core\/legacy-widget\";i:13;s:25:\"woocommerce\/rating-filter\";i:15;s:10:\"core\/image\";}s:8:\"uag_flag\";b:0;s:11:\"uag_version\";s:10:\"1775751162\";s:6:\"gfonts\";a:0:{}s:10:\"gfonts_url\";s:0:\"\";s:12:\"gfonts_files\";a:0:{}s:14:\"uag_faq_layout\";b:0;}"],"_thumbnail_id":["2174"]},"uagb_featured_image_src":{"full":["https:\/\/klickkauf.it.com\/wp-content\/uploads\/2026\/02\/1asd2.png",540,540,false],"thumbnail":["https:\/\/klickkauf.it.com\/wp-content\/uploads\/2026\/02\/1asd2-150x150.png",150,150,true],"medium":["https:\/\/klickkauf.it.com\/wp-content\/uploads\/2026\/02\/1asd2-300x300.png",300,300,true],"medium_large":["https:\/\/klickkauf.it.com\/wp-content\/uploads\/2026\/02\/1asd2.png",540,540,false],"large":["https:\/\/klickkauf.it.com\/wp-content\/uploads\/2026\/02\/1asd2.png",540,540,false],"1536x1536":["https:\/\/klickkauf.it.com\/wp-content\/uploads\/2026\/02\/1asd2.png",540,540,false],"2048x2048":["https:\/\/klickkauf.it.com\/wp-content\/uploads\/2026\/02\/1asd2.png",540,540,false],"woocommerce_thumbnail":["https:\/\/klickkauf.it.com\/wp-content\/uploads\/2026\/02\/1asd2-300x300.png",300,300,true],"woocommerce_single":["https:\/\/klickkauf.it.com\/wp-content\/uploads\/2026\/02\/1asd2.png",540,540,false],"woocommerce_gallery_thumbnail":["https:\/\/klickkauf.it.com\/wp-content\/uploads\/2026\/02\/1asd2-100x100.png",100,100,true]},"uagb_author_info":{"display_name":"admin","author_link":"https:\/\/klickkauf.it.com\/de\/author\/"},"uagb_comment_info":4,"uagb_excerpt":"Die Beh\u00e4lter halten schnellen Temperaturwechseln stand, ohne sich zu verformen oder zu rei\u00dfen Glasbeh\u00e4lter, die resistent gegen Flecken und Ger\u00fcche sind Luftdichter Verschluss f\u00fcr langanhaltende Frische Glatte Oberfl\u00e4che, die den Geschmack auch bei langfristiger Nutzung bewahrt 100 % auslaufsichere Glasbeh\u00e4lter f\u00fcr die Essensvorgabe Perfekt f\u00fcr unterwegs &amp; vom Gefrierfach direkt in den Ofen 12 Beh\u00e4lter&hellip;","_links":{"self":[{"href":"https:\/\/klickkauf.it.com\/de\/wp-json\/wp\/v2\/product\/2309","targetHints":{"allow":["GET"]}}],"collection":[{"href":"https:\/\/klickkauf.it.com\/de\/wp-json\/wp\/v2\/product"}],"about":[{"href":"https:\/\/klickkauf.it.com\/de\/wp-json\/wp\/v2\/types\/product"}],"replies":[{"embeddable":true,"href":"https:\/\/klickkauf.it.com\/de\/wp-json\/wp\/v2\/comments?post=2309"}],"version-history":[{"count":0,"href":"https:\/\/klickkauf.it.com\/de\/wp-json\/wp\/v2\/product\/2309\/revisions"}],"wp:featuredmedia":[{"embeddable":true,"href":"https:\/\/klickkauf.it.com\/de\/wp-json\/wp\/v2\/media\/2174"}],"wp:attachment":[{"href":"https:\/\/klickkauf.it.com\/de\/wp-json\/wp\/v2\/media?parent=2309"}],"wp:term":[{"taxonomy":"product_brand","embeddable":true,"href":"https:\/\/klickkauf.it.com\/de\/wp-json\/wp\/v2\/product_brand?post=2309"},{"taxonomy":"product_cat","embeddable":true,"href":"https:\/\/klickkauf.it.com\/de\/wp-json\/wp\/v2\/product_cat?post=2309"},{"taxonomy":"product_tag","embeddable":true,"href":"https:\/\/klickkauf.it.com\/de\/wp-json\/wp\/v2\/product_tag?post=2309"}],"curies":[{"name":"wp","href":"https:\/\/api.w.org\/{rel}","templated":true}]}}