{"id":2315,"date":"2026-02-27T08:00:05","date_gmt":"2026-02-27T08:00:05","guid":{"rendered":"https:\/\/klickkauf.it.com\/product\/elektrischer-eierkocher-fuer-6-eier\/"},"modified":"2026-02-27T08:00:05","modified_gmt":"2026-02-27T08:00:05","slug":"elektrischer-eierkocher-fuer-6-eier","status":"publish","type":"product","link":"https:\/\/klickkauf.it.com\/de\/produkt\/elektrischer-eierkocher-fuer-6-eier\/","title":{"rendered":"Elektrischer Eierkocher f\u00fcr 6 Eier"},"content":{"rendered":"<ul class=\"a-unordered-list a-vertical a-spacing-mini\">\n<li class=\"a-spacing-mini\"><span class=\"a-list-item\">MULTIFUNKTIONALER EIERKOCHER: Der Evoloop Eierkocher ist ideal f\u00fcr Singles oder Familien, um hartgekochte, weichgekochte oder pochierte Eier, gef\u00fcllte Eier, Eiersandwiches und R\u00fchrei zuzubereiten \u2013 das perfekte Gericht f\u00fcr jedes Fr\u00fchst\u00fcck und besondere Anl\u00e4sse<\/span><\/li>\n<li class=\"a-spacing-mini\"><span class=\"a-list-item\">KAPAZIT\u00c4T F\u00dcR SECHS EIER: Spare Zeit und Wasser, indem du bis zu sechs Eier weich, mittel oder hart kochst; diese Methode ist effizienter als herk\u00f6mmliches Kochen auf dem Herd; sobald die Eier fertig sind, ert\u00f6nt ein Signalton<\/span><\/li>\n<li class=\"a-spacing-mini\"><span class=\"a-list-item\">EINFACH ZU VERSTAUEN UND PLATZSPAREND: Der Eierkocher ist etwa 7,6 Zoll hoch, 5,6 Zoll breit und 8,6 Zoll lang und l\u00e4sst sich leicht transportieren; seine kompakte Gr\u00f6\u00dfe ist perfekt f\u00fcr Studentenwohnheime, Camping, Picknicks und mehr<\/span><\/li>\n<li class=\"a-spacing-mini\"><span class=\"a-list-item\">EINFACH ZU REINIGEN: Der transparente Deckel, der Eiereinsatz und die Heizschale sowie das Zubeh\u00f6r sind abnehmbar, was die Reinigung zum Kinderspiel macht<\/span><\/li>\n<li class=\"a-spacing-mini\"><span class=\"a-list-item\">LIEFERUMFANG: Der Evoloop Schnell-Eierkocher enth\u00e4lt zwei Pochierschalen, eine Omelett-Schale, einen Eiereinsatz, einen Messbecher mit Eipicker und eine farbenfrohe Bedienungsanleitung mit achtzehn k\u00f6stlichen Rezepten<\/span><\/li>\n<\/ul>\n","protected":false},"excerpt":{"rendered":"<p>Weich, mittel, hart gekocht, Pochierer, Omelett-Zubereiter, Eierpochierer mit Abschaltautomatik, BPA-frei<\/p>\n","protected":false},"featured_media":2225,"comment_status":"open","ping_status":"closed","template":"","meta":{"_uag_custom_page_level_css":"","site-sidebar-layout":"default","site-content-layout":"","ast-site-content-layout":"default","site-content-style":"default","site-sidebar-style":"default","ast-global-header-display":"","ast-banner-title-visibility":"","ast-main-header-display":"","ast-hfb-above-header-display":"","ast-hfb-below-header-display":"","ast-hfb-mobile-header-display":"","site-post-title":"","ast-breadcrumbs-content":"","ast-featured-img":"","footer-sml-layout":"","ast-disable-related-posts":"","theme-transparent-header-meta":"default","adv-header-id-meta":"","stick-header-meta":"default","header-above-stick-meta":"","header-main-stick-meta":"","header-below-stick-meta":"","astra-migrate-meta-layouts":"default","ast-page-background-enabled":"default","ast-page-background-meta":{"desktop":{"background-color":"var(--ast-global-color-4)","background-image":"","background-repeat":"repeat","background-position":"center center","background-size":"auto","background-attachment":"scroll","background-type":"","background-media":"","overlay-type":"","overlay-color":"","overlay-opacity":"","overlay-gradient":""},"tablet":{"background-color":"","background-image":"","background-repeat":"repeat","background-position":"center center","background-size":"auto","background-attachment":"scroll","background-type":"","background-media":"","overlay-type":"","overlay-color":"","overlay-opacity":"","overlay-gradient":""},"mobile":{"background-color":"","background-image":"","background-repeat":"repeat","background-position":"center center","background-size":"auto","background-attachment":"scroll","background-type":"","background-media":"","overlay-type":"","overlay-color":"","overlay-opacity":"","overlay-gradient":""}},"ast-content-background-meta":{"desktop":{"background-color":"var(--ast-global-color-5)","background-image":"","background-repeat":"repeat","background-position":"center center","background-size":"auto","background-attachment":"scroll","background-type":"","background-media":"","overlay-type":"","overlay-color":"","overlay-opacity":"","overlay-gradient":""},"tablet":{"background-color":"var(--ast-global-color-5)","background-image":"","background-repeat":"repeat","background-position":"center center","background-size":"auto","background-attachment":"scroll","background-type":"","background-media":"","overlay-type":"","overlay-color":"","overlay-opacity":"","overlay-gradient":""},"mobile":{"background-color":"var(--ast-global-color-5)","background-image":"","background-repeat":"repeat","background-position":"center center","background-size":"auto","background-attachment":"scroll","background-type":"","background-media":"","overlay-type":"","overlay-color":"","overlay-opacity":"","overlay-gradient":""}}},"product_brand":[],"product_cat":[47],"product_tag":[],"class_list":{"0":"post-2315","1":"product","2":"type-product","3":"status-publish","4":"has-post-thumbnail","6":"product_cat-kuchengerate","7":"desktop-align-left","8":"tablet-align-left","9":"mobile-align-left","10":"ast-product-gallery-layout-horizontal-slider","11":"ast-product-tabs-layout-horizontal","13":"first","14":"instock","15":"sale","16":"shipping-taxable","17":"purchasable","18":"product-type-simple"},"spectra_custom_meta":{"surerank_seo_checks":["a:13:{s:14:\"h2_subheadings\";a:3:{s:6:\"status\";s:7:\"warning\";s:7:\"message\";s:42:\"The page does not contain any subheadings.\";s:4:\"type\";s:4:\"page\";}s:13:\"media_present\";a:3:{s:6:\"status\";s:7:\"warning\";s:7:\"message\";s:39:\"No images or videos found on this page.\";s:4:\"type\";s:4:\"page\";}s:13:\"links_present\";a:3:{s:6:\"status\";s:7:\"warning\";s:7:\"message\";s:27:\"No links found on the page.\";s:4:\"type\";s:4:\"page\";}s:10:\"url_length\";a:3:{s:6:\"status\";s:7:\"success\";s:7:\"message\";s:35:\"Page URL is short and SEO-friendly.\";s:4:\"type\";s:4:\"page\";}s:19:\"search_engine_title\";a:3:{s:6:\"status\";s:7:\"success\";s:7:\"message\";s:55:\"Search engine title is present and under 60 characters.\";s:4:\"type\";s:4:\"page\";}s:25:\"search_engine_description\";a:3:{s:6:\"status\";s:7:\"warning\";s:7:\"message\";s:49:\"Search engine description is missing on the page.\";s:4:\"type\";s:4:\"page\";}s:13:\"canonical_url\";a:3:{s:6:\"status\";s:7:\"success\";s:7:\"message\";s:37:\"Canonical tag is present on the page.\";s:4:\"type\";s:4:\"page\";}s:15:\"open_graph_tags\";a:3:{s:6:\"status\";s:7:\"success\";s:7:\"message\";s:40:\"Open Graph tags are present on the page.\";s:4:\"type\";s:4:\"page\";}s:16:\"keyword_in_title\";a:3:{s:6:\"status\";s:10:\"suggestion\";s:7:\"message\";s:38:\"No focus keyword set to analyze title.\";s:4:\"type\";s:7:\"keyword\";}s:22:\"keyword_in_description\";a:3:{s:6:\"status\";s:10:\"suggestion\";s:7:\"message\";s:49:\"No focus keyword set to analyze meta description.\";s:4:\"type\";s:7:\"keyword\";}s:14:\"keyword_in_url\";a:3:{s:6:\"status\";s:10:\"suggestion\";s:7:\"message\";s:36:\"No focus keyword set to analyze URL.\";s:4:\"type\";s:7:\"keyword\";}s:18:\"keyword_in_content\";a:3:{s:6:\"status\";s:10:\"suggestion\";s:7:\"message\";s:40:\"No focus keyword set to analyze content.\";s:4:\"type\";s:7:\"keyword\";}s:12:\"broken_links\";a:2:{s:6:\"status\";s:7:\"success\";s:7:\"message\";s:34:\"No broken links found on the page.\";}}"],"surerank_seo_checks_last_updated":["1772181760"],"_last_translation_edit_mode":["translation-editor"],"_wcml_average_rating":[null],"_wcml_review_count":[null],"_wcml_rating_count":[null],"_backorders":["no"],"_download_limit":["-1"],"_download_expiry":["-1"],"_downloadable":["no"],"_manage_stock":["no"],"_stock_status":["instock"],"_sold_individually":["no"],"_tax_class":[""],"_tax_status":["taxable"],"_virtual":["no"],"total_sales":["0"],"_regular_price":["13.51"],"_sale_price":["5.98"],"_price":["5.98"],"stick-header-meta":["default"],"site-sidebar-layout":["default"],"theme-transparent-header-meta":["default"],"ast-site-content-layout":["default"],"site-content-style":["default"],"site-sidebar-style":["default"],"_top_nav_excluded":[""],"_cms_nav_minihome":[""],"_wp_page_template":["default"],"_wpml_word_count":["217"],"astra_style_timestamp_css":["1774997317"],"_uag_css_file_name":["uag-css-2315.css"],"litespeed_vpi_list":["a:2:{i:0;s:31:\"cropped-klickkauf-W--106x35.png\";i:1;s:34:\"61q8o6fhwYL._AC_SX679_-600x513.jpg\";}"],"litespeed_vpi_list_mobile":["a:7:{i:0;s:31:\"cropped-klickkauf-W--106x35.png\";i:1;s:34:\"61q8o6fhwYL._AC_SX679_-300x300.jpg\";i:2;s:35:\"61x1vyfevaL._AC_SL1500_-300x300.jpg\";i:3;s:34:\"71ixN7Vdn3L._AC_SX679_-300x300.jpg\";i:4;s:33:\"71J9LobhQL._AC_SX679_-300x300.jpg\";i:5;s:34:\"61q8o6fhwYL._AC_SX679_-600x513.jpg\";i:6;s:26:\"61q8o6fhwYL._AC_SX679_.jpg\";}"],"_elementor_page_assets":["a:0:{}"],"_uag_page_assets":["a:9:{s:3:\"css\";s:263:\".uag-blocks-common-selector{z-index:var(--z-index-desktop) !important}@media (max-width: 976px){.uag-blocks-common-selector{z-index:var(--z-index-tablet) !important}}@media (max-width: 767px){.uag-blocks-common-selector{z-index:var(--z-index-mobile) !important}}\n\";s:2:\"js\";s:0:\"\";s:18:\"current_block_list\";a:14:{i:0;s:11:\"core\/search\";i:1;s:10:\"core\/group\";i:2;s:12:\"core\/heading\";i:3;s:17:\"core\/latest-posts\";i:4;s:20:\"core\/latest-comments\";i:5;s:13:\"core\/archives\";i:6;s:15:\"core\/categories\";i:7;s:30:\"woocommerce\/product-categories\";i:8;s:26:\"woocommerce\/filter-wrapper\";i:9;s:24:\"woocommerce\/price-filter\";i:10;s:11:\"core\/spacer\";i:11;s:18:\"core\/legacy-widget\";i:13;s:25:\"woocommerce\/rating-filter\";i:15;s:10:\"core\/image\";}s:8:\"uag_flag\";b:0;s:11:\"uag_version\";s:10:\"1775751162\";s:6:\"gfonts\";a:0:{}s:10:\"gfonts_url\";s:0:\"\";s:12:\"gfonts_files\";a:0:{}s:14:\"uag_faq_layout\";b:0;}"],"_wc_rating_count":[""],"_wc_review_count":[""],"_wc_average_rating":[0],"_thumbnail_id":["2225"]},"uagb_featured_image_src":{"full":["https:\/\/klickkauf.it.com\/wp-content\/uploads\/2026\/02\/61q8o6fhwYL._AC_SX679_.jpg",679,581,false],"thumbnail":["https:\/\/klickkauf.it.com\/wp-content\/uploads\/2026\/02\/61q8o6fhwYL._AC_SX679_-150x150.jpg",150,150,true],"medium":["https:\/\/klickkauf.it.com\/wp-content\/uploads\/2026\/02\/61q8o6fhwYL._AC_SX679_-300x257.jpg",300,257,true],"medium_large":["https:\/\/klickkauf.it.com\/wp-content\/uploads\/2026\/02\/61q8o6fhwYL._AC_SX679_.jpg",679,581,false],"large":["https:\/\/klickkauf.it.com\/wp-content\/uploads\/2026\/02\/61q8o6fhwYL._AC_SX679_.jpg",679,581,false],"1536x1536":["https:\/\/klickkauf.it.com\/wp-content\/uploads\/2026\/02\/61q8o6fhwYL._AC_SX679_.jpg",679,581,false],"2048x2048":["https:\/\/klickkauf.it.com\/wp-content\/uploads\/2026\/02\/61q8o6fhwYL._AC_SX679_.jpg",679,581,false],"woocommerce_thumbnail":["https:\/\/klickkauf.it.com\/wp-content\/uploads\/2026\/02\/61q8o6fhwYL._AC_SX679_-300x300.jpg",300,300,true],"woocommerce_single":["https:\/\/klickkauf.it.com\/wp-content\/uploads\/2026\/02\/61q8o6fhwYL._AC_SX679_-600x513.jpg",600,513,true],"woocommerce_gallery_thumbnail":["https:\/\/klickkauf.it.com\/wp-content\/uploads\/2026\/02\/61q8o6fhwYL._AC_SX679_-100x100.jpg",100,100,true]},"uagb_author_info":{"display_name":"admin","author_link":"https:\/\/klickkauf.it.com\/de\/author\/"},"uagb_comment_info":0,"uagb_excerpt":"Weich, mittel, hart gekocht, Pochierer, Omelett-Zubereiter, Eierpochierer mit Abschaltautomatik, BPA-frei","_links":{"self":[{"href":"https:\/\/klickkauf.it.com\/de\/wp-json\/wp\/v2\/product\/2315","targetHints":{"allow":["GET"]}}],"collection":[{"href":"https:\/\/klickkauf.it.com\/de\/wp-json\/wp\/v2\/product"}],"about":[{"href":"https:\/\/klickkauf.it.com\/de\/wp-json\/wp\/v2\/types\/product"}],"replies":[{"embeddable":true,"href":"https:\/\/klickkauf.it.com\/de\/wp-json\/wp\/v2\/comments?post=2315"}],"version-history":[{"count":0,"href":"https:\/\/klickkauf.it.com\/de\/wp-json\/wp\/v2\/product\/2315\/revisions"}],"wp:featuredmedia":[{"embeddable":true,"href":"https:\/\/klickkauf.it.com\/de\/wp-json\/wp\/v2\/media\/2225"}],"wp:attachment":[{"href":"https:\/\/klickkauf.it.com\/de\/wp-json\/wp\/v2\/media?parent=2315"}],"wp:term":[{"taxonomy":"product_brand","embeddable":true,"href":"https:\/\/klickkauf.it.com\/de\/wp-json\/wp\/v2\/product_brand?post=2315"},{"taxonomy":"product_cat","embeddable":true,"href":"https:\/\/klickkauf.it.com\/de\/wp-json\/wp\/v2\/product_cat?post=2315"},{"taxonomy":"product_tag","embeddable":true,"href":"https:\/\/klickkauf.it.com\/de\/wp-json\/wp\/v2\/product_tag?post=2315"}],"curies":[{"name":"wp","href":"https:\/\/api.w.org\/{rel}","templated":true}]}}