{"id":2322,"date":"2026-02-27T08:03:04","date_gmt":"2026-02-27T08:03:04","guid":{"rendered":"https:\/\/klickkauf.it.com\/product\/eko-ecocasa-ii\/"},"modified":"2026-02-27T08:03:04","modified_gmt":"2026-02-27T08:03:04","slug":"eko-ecocasa-ii","status":"publish","type":"product","link":"https:\/\/klickkauf.it.com\/de\/produkt\/eko-ecocasa-ii\/","title":{"rendered":"EKO EcoCasa II"},"content":{"rendered":"<div class=\"woocommerce-product-details__short-description\">\n<div class=\"celwidget aplus-module premium-module-2-fullbackground-image aplus-premium\" data-cel-widget=\"aplus-premium-module-2-fullbackground-image\" data-csa-c-id=\"4l8gar-i4zpay-uqucue-lpg3yg\">\n<div class=\"a-section a-spacing-none premium-aplus premium-aplus-module-2\">\n<div class=\"a-section a-spacing-none premium-background-wrapper\">\n<div class=\"a-section a-spacing-none background-image\"><img decoding=\"async\" class=\"\" title=\"EKO EcoCasa II\" src=\"https:\/\/m.media-amazon.com\/images\/S\/aplus-media-library-service-media\/405d09e6-6850-4f81-a612-732779879118.__CR0,0,2928,1200_PT0_SX1464_V1___.png\" alt=\"1\" data-src=\"https:\/\/m.media-amazon.com\/images\/S\/aplus-media-library-service-media\/405d09e6-6850-4f81-a612-732779879118.__CR0,0,2928,1200_PT0_SX1464_V1___.png\"><\/div>\n<\/div>\n<div class=\"a-section a-text-center\">EKO Edelstahl-K\u00fcchenm\u00fclleimer<\/div>\n<\/div>\n<\/div>\n<div class=\"celwidget aplus-module premium-module-2-fullbackground-image aplus-premium\" data-cel-widget=\"aplus-premium-module-2-fullbackground-image\" data-csa-c-id=\"fr0buh-rmkhnp-15t7le-jtgl67\">\n<div class=\"a-section a-spacing-none premium-aplus premium-aplus-module-2\">\n<div class=\"a-section a-spacing-none premium-background-wrapper\">\n<div class=\"a-section a-spacing-none background-image\"><img decoding=\"async\" class=\"\" title=\"EKO EcoCasa II\" src=\"https:\/\/m.media-amazon.com\/images\/S\/aplus-media-library-service-media\/69a68629-ad3f-4191-9e72-624692778710.__CR0,0,2928,1200_PT0_SX1464_V1___.png\" alt=\"Doppelter Platz, doppelter Komfort\" data-src=\"https:\/\/m.media-amazon.com\/images\/S\/aplus-media-library-service-media\/69a68629-ad3f-4191-9e72-624692778710.__CR0,0,2928,1200_PT0_SX1464_V1___.png\"><\/div>\n<\/div>\n<\/div>\n<\/div>\n<div class=\"celwidget aplus-module premium-module-2-fullbackground-image aplus-premium\" data-cel-widget=\"aplus-premium-module-2-fullbackground-image\" data-csa-c-id=\"swlp7b-rg00be-iqhmjz-xw1g06\">\n<div class=\"a-section a-spacing-none premium-aplus premium-aplus-module-2\">\n<div class=\"a-section a-spacing-none premium-background-wrapper\">\n<div class=\"a-section a-spacing-none background-image\"><img decoding=\"async\" class=\"\" title=\"EKO EcoCasa II\" src=\"https:\/\/m.media-amazon.com\/images\/S\/aplus-media-library-service-media\/e3f6c4af-ba02-4577-a5b8-49ffec09a698.__CR0,0,2928,1200_PT0_SX1464_V1___.png\" alt=\"Soft-Close-Deckel\" data-src=\"https:\/\/m.media-amazon.com\/images\/S\/aplus-media-library-service-media\/e3f6c4af-ba02-4577-a5b8-49ffec09a698.__CR0,0,2928,1200_PT0_SX1464_V1___.png\"><\/div>\n<\/div>\n<\/div>\n<\/div>\n<div class=\"celwidget aplus-module premium-module-2-fullbackground-image aplus-premium\" data-cel-widget=\"aplus-premium-module-2-fullbackground-image\" data-csa-c-id=\"6iuno3-kkusm0-mvv5lc-8e3i84\">\n<div class=\"a-section a-spacing-none premium-aplus premium-aplus-module-2\">\n<div class=\"a-section a-spacing-none premium-background-wrapper\">\n<div class=\"a-section a-spacing-none background-image\"><img decoding=\"async\" class=\"\" title=\"EKO EcoCasa II\" src=\"https:\/\/m.media-amazon.com\/images\/S\/aplus-media-library-service-media\/06504f56-1d9a-4fc8-9d01-2e9bc7a03870.__CR0,0,2928,1200_PT0_SX1464_V1___.png\" alt=\"1\" data-src=\"https:\/\/m.media-amazon.com\/images\/S\/aplus-media-library-service-media\/06504f56-1d9a-4fc8-9d01-2e9bc7a03870.__CR0,0,2928,1200_PT0_SX1464_V1___.png\"><\/div>\n<\/div>\n<\/div>\n<\/div>\n<div class=\"celwidget aplus-module premium-module-2-fullbackground-image aplus-premium\" data-cel-widget=\"aplus-premium-module-2-fullbackground-image\" data-csa-c-id=\"92vgm6-kn740i-7ne7rl-k06eq3\">\n<div class=\"a-section a-spacing-none premium-aplus premium-aplus-module-2\">\n<div class=\"a-section a-spacing-none premium-background-wrapper\">\n<div class=\"a-section a-spacing-none background-image\"><img decoding=\"async\" class=\"\" title=\"EKO EcoCasa II\" src=\"https:\/\/m.media-amazon.com\/images\/S\/aplus-media-library-service-media\/37dce75b-0131-4b24-860c-f1e1dd8604a7.__CR0,0,2928,1200_PT0_SX1464_V1___.png\" alt=\"1\" data-src=\"https:\/\/m.media-amazon.com\/images\/S\/aplus-media-library-service-media\/37dce75b-0131-4b24-860c-f1e1dd8604a7.__CR0,0,2928,1200_PT0_SX1464_V1___.png\"><\/div>\n<\/div>\n<\/div>\n<\/div>\n<div class=\"celwidget aplus-module premium-module-3-four-column-images aplus-premium\" data-cel-widget=\"aplus-premium-module-3-four-column-images\" data-csa-c-id=\"vy8o0i-uaa7pf-ru1olc-fyg7rl\">\n<div class=\"a-section a-spacing-none premium-aplus premium-aplus-module-3 aplus-container-1\">\n<h1 class=\"a-text-center premium-module-3-heading aplus-h1 a-text-bold\">Mehr Funktionen, auf dich zugeschnitten<\/h1>\n<div class=\"a-section a-spacing-none premium-aplus-four-column\">\n<div class=\"a-section a-spacing-none premium-aplus-column\">\n<div class=\"a-section a-spacing-none {'column-image'}\"><img decoding=\"async\" class=\"\" title=\"EKO EcoCasa II\" src=\"https:\/\/m.media-amazon.com\/images\/S\/aplus-media-library-service-media\/cf97c8df-5eae-4a47-91d9-14ea5d0c59c1.__CR0,0,300,225_PT0_SX300_V1___.jpg\" alt=\"9138-7\" data-src=\"https:\/\/m.media-amazon.com\/images\/S\/aplus-media-library-service-media\/cf97c8df-5eae-4a47-91d9-14ea5d0c59c1.__CR0,0,300,225_PT0_SX300_V1___.jpg\"><\/div>\n<div class=\"a-section a-spacing-none column-heading\">\n<h1 class=\"aplus-h3 a-text-bold\">Anti-Fingerabdruck<\/h1>\n<\/div>\n<div class=\"a-section a-spacing-none column-description\">\n<p class=\"aplus-p3\">Robust und elegant: Unser M\u00fclleimer ist langlebig und unempfindlich gegen Fingerabdr\u00fccke.<\/p>\n<\/div>\n<\/div>\n<div class=\"a-section a-spacing-none premium-aplus-column\">\n<div class=\"a-section a-spacing-none {'column-image'}\"><img decoding=\"async\" class=\"\" title=\"EKO EcoCasa II\" src=\"https:\/\/m.media-amazon.com\/images\/S\/aplus-media-library-service-media\/e0e73848-8f73-44ba-8dff-9bd8f72ce9ff.__CR0,0,300,225_PT0_SX300_V1___.jpg\" alt=\"9138-8\" data-src=\"https:\/\/m.media-amazon.com\/images\/S\/aplus-media-library-service-media\/e0e73848-8f73-44ba-8dff-9bd8f72ce9ff.__CR0,0,300,225_PT0_SX300_V1___.jpg\"><\/div>\n<div class=\"a-section a-spacing-none column-heading\">\n<h1 class=\"aplus-h3 a-text-bold\">Stay-Open-Funktion<\/h1>\n<\/div>\n<div class=\"a-section a-spacing-none column-description\">\n<p class=\"aplus-p3\">Einfache Arretierung zum Offenhalten bei l\u00e4ngeren Aufgaben.<\/p>\n<\/div>\n<\/div>\n<div class=\"a-section a-spacing-none premium-aplus-column\">\n<div class=\"a-section a-spacing-none {'column-image'}\"><img decoding=\"async\" class=\"\" title=\"EKO EcoCasa II\" src=\"https:\/\/m.media-amazon.com\/images\/S\/aplus-media-library-service-media\/5d12f3b2-6efd-4866-a109-e476490ccce5.__CR0,0,300,225_PT0_SX300_V1___.jpg\" alt=\"9138-7\" data-src=\"https:\/\/m.media-amazon.com\/images\/S\/aplus-media-library-service-media\/5d12f3b2-6efd-4866-a109-e476490ccce5.__CR0,0,300,225_PT0_SX300_V1___.jpg\"><\/div>\n<div class=\"a-section a-spacing-none column-heading\">\n<h1 class=\"aplus-h3 a-text-bold\">M\u00fcllbeutelhalterung<\/h1>\n<\/div>\n<div class=\"a-section a-spacing-none column-description\">\n<p class=\"aplus-p3\">Die M\u00fcllbeutelhalterung fixiert Beutel jeder Gr\u00f6\u00dfe ohne unsch\u00f6nes \u00dcberstehen.<\/p>\n<\/div>\n<\/div>\n<div class=\"a-section a-spacing-none premium-aplus-column\">\n<div class=\"a-section a-spacing-none {'column-image'}\"><img decoding=\"async\" class=\"\" title=\"EKO EcoCasa II\" src=\"https:\/\/m.media-amazon.com\/images\/S\/aplus-media-library-service-media\/d22338ae-a3af-468e-96b6-618123eca072.__CR0,0,300,225_PT0_SX300_V1___.jpg\" alt=\"9138-9\" data-src=\"https:\/\/m.media-amazon.com\/images\/S\/aplus-media-library-service-media\/d22338ae-a3af-468e-96b6-618123eca072.__CR0,0,300,225_PT0_SX300_V1___.jpg\"><\/div>\n<div class=\"a-section a-spacing-none column-heading\">\n<h1 class=\"aplus-h3 a-text-bold\">Optimale Geruchskontrolle<\/h1>\n<\/div>\n<div class=\"a-section a-spacing-none column-description\">\n<p class=\"aplus-p3\">Das integrierte Fach f\u00fcr Geruchsabsorber ist mit Aktivkohlefiltern kompatibel, um unangenehme Ger\u00fcche zu binden. Bitte beachte, dass Filter separat erh\u00e4ltlich sind. <\/p>\n<\/div>\n<\/div>\n<\/div>\n<\/div>\n<\/div>\n<\/div>\n<form class=\"cart\" action=\"https:\/\/grabnowgrocery.co.uk\/product\/eko-ecocasa-ii\/\" enctype=\"multipart\/form-data\" method=\"post\">\n<div class=\"quantity buttons_added\"><\/div>\n<\/form>\n","protected":false},"excerpt":{"rendered":"<p>36L + 24L Doppel-M\u00fclleimer mit Recyclingsystem, Edelstahl-Abfalleimer mit Deckel, Geruchsabsorber-Fach, geruchsdicht und unempfindlich gegen Fingerabdr\u00fccke<\/p>\n","protected":false},"featured_media":2237,"comment_status":"open","ping_status":"closed","template":"","meta":{"_uag_custom_page_level_css":"","site-sidebar-layout":"default","site-content-layout":"","ast-site-content-layout":"default","site-content-style":"default","site-sidebar-style":"default","ast-global-header-display":"","ast-banner-title-visibility":"","ast-main-header-display":"","ast-hfb-above-header-display":"","ast-hfb-below-header-display":"","ast-hfb-mobile-header-display":"","site-post-title":"","ast-breadcrumbs-content":"","ast-featured-img":"","footer-sml-layout":"","ast-disable-related-posts":"","theme-transparent-header-meta":"default","adv-header-id-meta":"","stick-header-meta":"default","header-above-stick-meta":"","header-main-stick-meta":"","header-below-stick-meta":"","astra-migrate-meta-layouts":"default","ast-page-background-enabled":"default","ast-page-background-meta":{"desktop":{"background-color":"var(--ast-global-color-4)","background-image":"","background-repeat":"repeat","background-position":"center center","background-size":"auto","background-attachment":"scroll","background-type":"","background-media":"","overlay-type":"","overlay-color":"","overlay-opacity":"","overlay-gradient":""},"tablet":{"background-color":"","background-image":"","background-repeat":"repeat","background-position":"center center","background-size":"auto","background-attachment":"scroll","background-type":"","background-media":"","overlay-type":"","overlay-color":"","overlay-opacity":"","overlay-gradient":""},"mobile":{"background-color":"","background-image":"","background-repeat":"repeat","background-position":"center center","background-size":"auto","background-attachment":"scroll","background-type":"","background-media":"","overlay-type":"","overlay-color":"","overlay-opacity":"","overlay-gradient":""}},"ast-content-background-meta":{"desktop":{"background-color":"var(--ast-global-color-5)","background-image":"","background-repeat":"repeat","background-position":"center center","background-size":"auto","background-attachment":"scroll","background-type":"","background-media":"","overlay-type":"","overlay-color":"","overlay-opacity":"","overlay-gradient":""},"tablet":{"background-color":"var(--ast-global-color-5)","background-image":"","background-repeat":"repeat","background-position":"center center","background-size":"auto","background-attachment":"scroll","background-type":"","background-media":"","overlay-type":"","overlay-color":"","overlay-opacity":"","overlay-gradient":""},"mobile":{"background-color":"var(--ast-global-color-5)","background-image":"","background-repeat":"repeat","background-position":"center center","background-size":"auto","background-attachment":"scroll","background-type":"","background-media":"","overlay-type":"","overlay-color":"","overlay-opacity":"","overlay-gradient":""}}},"product_brand":[],"product_cat":[47],"product_tag":[],"class_list":{"0":"post-2322","1":"product","2":"type-product","3":"status-publish","4":"has-post-thumbnail","6":"product_cat-kuchengerate","7":"desktop-align-left","8":"tablet-align-left","9":"mobile-align-left","10":"ast-product-gallery-layout-horizontal-slider","11":"ast-product-tabs-layout-horizontal","13":"first","14":"instock","15":"sale","16":"shipping-taxable","17":"purchasable","18":"product-type-simple"},"spectra_custom_meta":{"surerank_seo_checks":["a:14:{s:14:\"h2_subheadings\";a:3:{s:6:\"status\";s:7:\"warning\";s:7:\"message\";s:42:\"The page does not contain any subheadings.\";s:4:\"type\";s:4:\"page\";}s:14:\"image_alt_text\";a:5:{s:6:\"status\";s:7:\"success\";s:11:\"description\";a:1:{i:0;s:48:\"Images on the post\/page have alt text attributes\";}s:7:\"message\";s:49:\"All images on this page have alt text attributes.\";s:11:\"show_images\";b:0;s:4:\"type\";s:4:\"page\";}s:13:\"media_present\";a:3:{s:6:\"status\";s:7:\"success\";s:7:\"message\";s:55:\"This page includes images or videos to enhance content.\";s:4:\"type\";s:4:\"page\";}s:13:\"links_present\";a:3:{s:6:\"status\";s:7:\"warning\";s:7:\"message\";s:27:\"No links found on the page.\";s:4:\"type\";s:4:\"page\";}s:10:\"url_length\";a:3:{s:6:\"status\";s:7:\"success\";s:7:\"message\";s:35:\"Page URL is short and SEO-friendly.\";s:4:\"type\";s:4:\"page\";}s:19:\"search_engine_title\";a:3:{s:6:\"status\";s:7:\"success\";s:7:\"message\";s:55:\"Search engine title is present and under 60 characters.\";s:4:\"type\";s:4:\"page\";}s:25:\"search_engine_description\";a:3:{s:6:\"status\";s:7:\"success\";s:7:\"message\";s:62:\"Search engine description is present and under 160 characters.\";s:4:\"type\";s:4:\"page\";}s:13:\"canonical_url\";a:3:{s:6:\"status\";s:7:\"success\";s:7:\"message\";s:37:\"Canonical tag is present on the page.\";s:4:\"type\";s:4:\"page\";}s:15:\"open_graph_tags\";a:3:{s:6:\"status\";s:7:\"success\";s:7:\"message\";s:40:\"Open Graph tags are present on the page.\";s:4:\"type\";s:4:\"page\";}s:16:\"keyword_in_title\";a:3:{s:6:\"status\";s:10:\"suggestion\";s:7:\"message\";s:38:\"No focus keyword set to analyze title.\";s:4:\"type\";s:7:\"keyword\";}s:22:\"keyword_in_description\";a:3:{s:6:\"status\";s:10:\"suggestion\";s:7:\"message\";s:49:\"No focus keyword set to analyze meta description.\";s:4:\"type\";s:7:\"keyword\";}s:14:\"keyword_in_url\";a:3:{s:6:\"status\";s:10:\"suggestion\";s:7:\"message\";s:36:\"No focus keyword set to analyze URL.\";s:4:\"type\";s:7:\"keyword\";}s:18:\"keyword_in_content\";a:3:{s:6:\"status\";s:10:\"suggestion\";s:7:\"message\";s:40:\"No focus keyword set to analyze content.\";s:4:\"type\";s:7:\"keyword\";}s:12:\"broken_links\";a:2:{s:6:\"status\";s:7:\"success\";s:7:\"message\";s:34:\"No broken links found on the page.\";}}"],"surerank_seo_checks_last_updated":["1772181775"],"_last_translation_edit_mode":["translation-editor"],"_wcml_average_rating":[null],"_wcml_review_count":[null],"_wcml_rating_count":[null],"_backorders":["no"],"_download_limit":["-1"],"_download_expiry":["-1"],"_downloadable":["no"],"_manage_stock":["no"],"_stock_status":["instock"],"_sold_individually":["no"],"_tax_class":[""],"_tax_status":["taxable"],"_virtual":["no"],"total_sales":["0"],"_regular_price":["38.19"],"_sale_price":["16.79"],"_price":["16.79"],"stick-header-meta":["default"],"site-sidebar-layout":["default"],"theme-transparent-header-meta":["default"],"ast-site-content-layout":["default"],"site-content-style":["default"],"site-sidebar-style":["default"],"_top_nav_excluded":[""],"_cms_nav_minihome":[""],"_wp_page_template":["default"],"_wpml_word_count":["130"],"astra_style_timestamp_css":["1777301421"],"_uag_css_file_name":["uag-css-2322.css"],"litespeed_vpi_list":["a:2:{i:0;s:31:\"cropped-klickkauf-W--106x35.png\";i:1;s:61:\"EK9138MT-36L_24L_a2b8b0c0-0046-4221-b41f-9881818201fb-600x600\";}"],"litespeed_vpi_list_mobile":["a:6:{i:0;s:31:\"cropped-klickkauf-W--106x35.png\";i:1;s:61:\"EK9138MT-36L_24L_a2b8b0c0-0046-4221-b41f-9881818201fb-300x300\";i:2;s:46:\"2_9c8addfb-5c6a-42f6-9288-09f9deb3dfb8-300x300\";i:3;s:46:\"8_17982b6d-e95d-467e-9c3c-38b9eb737f03-300x300\";i:4;s:46:\"6_6175c126-e4be-4e39-ae18-4996e84ae232-300x300\";i:5;s:61:\"EK9138MT-36L_24L_a2b8b0c0-0046-4221-b41f-9881818201fb-600x600\";}"],"_uag_page_assets":["a:9:{s:3:\"css\";s:0:\"\";s:2:\"js\";s:0:\"\";s:18:\"current_block_list\";a:14:{i:0;s:11:\"core\/search\";i:1;s:10:\"core\/group\";i:2;s:12:\"core\/heading\";i:3;s:17:\"core\/latest-posts\";i:4;s:20:\"core\/latest-comments\";i:5;s:13:\"core\/archives\";i:6;s:15:\"core\/categories\";i:7;s:30:\"woocommerce\/product-categories\";i:8;s:26:\"woocommerce\/filter-wrapper\";i:9;s:24:\"woocommerce\/price-filter\";i:10;s:11:\"core\/spacer\";i:11;s:18:\"core\/legacy-widget\";i:13;s:25:\"woocommerce\/rating-filter\";i:15;s:10:\"core\/image\";}s:8:\"uag_flag\";b:0;s:11:\"uag_version\";s:10:\"1775751162\";s:6:\"gfonts\";a:0:{}s:10:\"gfonts_url\";s:0:\"\";s:12:\"gfonts_files\";a:0:{}s:14:\"uag_faq_layout\";b:0;}"],"_elementor_page_assets":["a:0:{}"],"_wc_rating_count":[""],"_wc_review_count":[""],"_wc_average_rating":[0],"_thumbnail_id":["2237"]},"uagb_featured_image_src":{"full":["https:\/\/klickkauf.it.com\/wp-content\/uploads\/2026\/02\/EK9138MT-36L_24L_a2b8b0c0-0046-4221-b41f-9881818201fb.webp",1920,1920,false],"thumbnail":["https:\/\/klickkauf.it.com\/wp-content\/uploads\/2026\/02\/EK9138MT-36L_24L_a2b8b0c0-0046-4221-b41f-9881818201fb-150x150.webp",150,150,true],"medium":["https:\/\/klickkauf.it.com\/wp-content\/uploads\/2026\/02\/EK9138MT-36L_24L_a2b8b0c0-0046-4221-b41f-9881818201fb-300x300.webp",300,300,true],"medium_large":["https:\/\/klickkauf.it.com\/wp-content\/uploads\/2026\/02\/EK9138MT-36L_24L_a2b8b0c0-0046-4221-b41f-9881818201fb-768x768.webp",768,768,true],"large":["https:\/\/klickkauf.it.com\/wp-content\/uploads\/2026\/02\/EK9138MT-36L_24L_a2b8b0c0-0046-4221-b41f-9881818201fb-1024x1024.webp",1024,1024,true],"1536x1536":["https:\/\/klickkauf.it.com\/wp-content\/uploads\/2026\/02\/EK9138MT-36L_24L_a2b8b0c0-0046-4221-b41f-9881818201fb-1536x1536.webp",1536,1536,true],"2048x2048":["https:\/\/klickkauf.it.com\/wp-content\/uploads\/2026\/02\/EK9138MT-36L_24L_a2b8b0c0-0046-4221-b41f-9881818201fb.webp",1920,1920,false],"woocommerce_thumbnail":["https:\/\/klickkauf.it.com\/wp-content\/uploads\/2026\/02\/EK9138MT-36L_24L_a2b8b0c0-0046-4221-b41f-9881818201fb-300x300.webp",300,300,true],"woocommerce_single":["https:\/\/klickkauf.it.com\/wp-content\/uploads\/2026\/02\/EK9138MT-36L_24L_a2b8b0c0-0046-4221-b41f-9881818201fb-600x600.webp",600,600,true],"woocommerce_gallery_thumbnail":["https:\/\/klickkauf.it.com\/wp-content\/uploads\/2026\/02\/EK9138MT-36L_24L_a2b8b0c0-0046-4221-b41f-9881818201fb-100x100.webp",100,100,true]},"uagb_author_info":{"display_name":"admin","author_link":"https:\/\/klickkauf.it.com\/de\/author\/"},"uagb_comment_info":0,"uagb_excerpt":"36L + 24L Doppel-M\u00fclleimer mit Recyclingsystem, Edelstahl-Abfalleimer mit Deckel, Geruchsabsorber-Fach, geruchsdicht und unempfindlich gegen Fingerabdr\u00fccke","_links":{"self":[{"href":"https:\/\/klickkauf.it.com\/de\/wp-json\/wp\/v2\/product\/2322","targetHints":{"allow":["GET"]}}],"collection":[{"href":"https:\/\/klickkauf.it.com\/de\/wp-json\/wp\/v2\/product"}],"about":[{"href":"https:\/\/klickkauf.it.com\/de\/wp-json\/wp\/v2\/types\/product"}],"replies":[{"embeddable":true,"href":"https:\/\/klickkauf.it.com\/de\/wp-json\/wp\/v2\/comments?post=2322"}],"version-history":[{"count":0,"href":"https:\/\/klickkauf.it.com\/de\/wp-json\/wp\/v2\/product\/2322\/revisions"}],"wp:featuredmedia":[{"embeddable":true,"href":"https:\/\/klickkauf.it.com\/de\/wp-json\/wp\/v2\/media\/2237"}],"wp:attachment":[{"href":"https:\/\/klickkauf.it.com\/de\/wp-json\/wp\/v2\/media?parent=2322"}],"wp:term":[{"taxonomy":"product_brand","embeddable":true,"href":"https:\/\/klickkauf.it.com\/de\/wp-json\/wp\/v2\/product_brand?post=2322"},{"taxonomy":"product_cat","embeddable":true,"href":"https:\/\/klickkauf.it.com\/de\/wp-json\/wp\/v2\/product_cat?post=2322"},{"taxonomy":"product_tag","embeddable":true,"href":"https:\/\/klickkauf.it.com\/de\/wp-json\/wp\/v2\/product_tag?post=2322"}],"curies":[{"name":"wp","href":"https:\/\/api.w.org\/{rel}","templated":true}]}}